{"id":735,"date":"2024-02-11T02:24:10","date_gmt":"2024-02-11T00:24:10","guid":{"rendered":"https:\/\/adr2.net\/wordpress\/?page_id=735"},"modified":"2024-02-11T02:29:10","modified_gmt":"2024-02-11T00:29:10","slug":"yugueros-geografia-topografia-y-toponimia","status":"publish","type":"page","link":"http:\/\/adr2.net\/wordpress\/?page_id=735","title":{"rendered":"Yugueros: Geograf\u00eda, Topograf\u00eda y Toponimia"},"content":{"rendered":"\n<p>El Lugar de Yugueros es territorio de media monta\u00f1a, con altitudes que oscilan entre 1000 y 1400 metros de altitud sobre el nivel del mar formado por un conjunto de valles y colinas. Seg\u00fan la contestaci\u00f3n que el Pueblo dio al Interrogatorio del Marqu\u00e9s de la Ensenada de 1752, mide media legua de Oriente a Poniente y un cuarto de legua de Norte a Mediod\u00eda -sin contar el terreno del Marqu\u00e9s- y legua y media de circunferencia. Las medidas actuales son de 4 km de la raya de La Ercina a la de Cistierna, 4,5 km desde La Cerra al Mercadillo y 15 km de per\u00edmetro, contando el Coto. Baste decir que el Interrogatorio citado ten\u00eda una finalidad catastral e impositiva y en esto val\u00eda m\u00e1s quedarse corto.<\/p>\n\n\n\n<p>En este territorio de unos 12 a 15 km cuadrados hay lugar para muchos valles y vallinos, colladas y lomas, grandas y grandiellas, sierras, cerras y llanadas. Para estos tiempos actuales con mapas en proyecciones UTM, coordenadas GPS, tracks y waypoints y otros tecnicismos al uso de algunos un poco fatuos monta\u00f1eros, media docena de top\u00f3nimos sirven para situarse en los montes de Yugueros: San Roque, Las Majadas, La Cerra, Valdeyera, las Casas del Monte y El Valle por ejemplo. Pero en una forma de vida del campo agr\u00edcola y ganadera anterior a los a\u00f1os setenta del siglo pasado hab\u00eda que ser m\u00e1s precisos, hab\u00eda que situar inequ\u00edvocamente donde se hab\u00eda atajado un reba\u00f1o, donde apareci\u00f3 por \u00faltima vez el lobo, d\u00f3nde una tierra de cereal sembrada, un prado, llama o linar o d\u00f3nde la suerte de la le\u00f1a. Todo ello exig\u00eda profusi\u00f3n de top\u00f3nimos o nombres dados a los diferentes accidentes geogr\u00e1ficos, montes o pagos de labranza. En entradas posteriores intentar\u00e9 nombrarlos a todos, situarlos en el mapa y hasta intentar\u00e9 buscarles una sem\u00e1ntica a la mayor\u00eda, aunque a buen seguro en alg\u00fan caso \u2018meter\u00e9 la pata\u2019. Creo que es nuestra obligaci\u00f3n conservarlos todos porque forman parte de nuestro legado hist\u00f3rico y cultural y defenderlos de agresiones ling\u00fc\u00edsticas, modas y olvidos.<\/p>\n\n\n\n<p>\u00bfQui\u00e9nes han sido los mayores agresores de nuestra Toponimia? Pues muchas veces por quienes estar\u00edan obligados conservarlos como son los mapas oficiales de Instituto Geogr\u00e1fico Nacional (IGN): es imposible que este organismo sit\u00fae todos los top\u00f3nimos pero los que sit\u00fae, que est\u00e9n en su lugar cuando no los ha corrompido ling\u00fc\u00edsticamente. Sirva como ejemplo que Monte Corral lo sit\u00fae casi en Oceja, san Roque en la Granda o la Poza en Villarinos aparte de que la Poza no es un top\u00f3nimo muy representativo que digamos, m\u00e1s bien deber\u00eda ser las Campazas. En cuanto a corrupciones, lo que deber\u00eda ser el arroyo de Valdeyera lo llaman arroyo de Cistierna o m\u00e1s como en algunos mapas que deber\u00edan ser ayuda de algo, arroyo Astierna. V\u00e1lgame Dios. El \u00faltimo moj\u00f3n que delimita Yugueros, Cistierna y Sabero, encima del Perdig\u00f3n, -curioso nombre que hace menci\u00f3n a la abundancia de perdices- que en el siglo XVIII se llamaba Alto de Montecampo y as\u00ed consta en apeos y deslindes pasa a llamarse Alto Cabalicos en el levantamiento topogr\u00e1fico de 1915, pero el mapa oficial lo llama Escobalicos y algunos m\u00e1s osados, Alto de los Caballeros. Traspe\u00f1a sigue en su sitio aunque antes se llam\u00f3 Serr\u00f3n Gajado, aunque la fuente de su collada, moj\u00f3n se\u00f1ero, ya no mana. Y en cuanto al Alto del Torno, que antes se llam\u00f3 Pe\u00f1a Redonda, tambi\u00e9n moj\u00f3n se\u00f1ero, hoy alg\u00fan animoso monta\u00f1ero pretende llamarlo Pe\u00f1a Perico. No s\u00e9 quien es o fue semejante Perico ni que m\u00e9ritos hizo para que se honre as\u00ed.<\/p>\n\n\n\n<p>Hay que reconocer que la Toponimia es parte de nuestro lenguaje y como tal evoluciona a trav\u00e9s de los tiempos. Siempre ha sido y siempre ser\u00e1. Bien es verdad que consultando documentos, muchos nombres que han cambiado, se mantuvieron estables desde el siglo XVI hasta finales del XIX por lo menos. Por ejemplo, lo que hoy llamamos El Valle o como mucho Valle del Mercadillo, siempre se llam\u00f3 valle de R\u00edo Seco. El Alto de la Encortijada se llamaba La Encrucijada y de verdad es m\u00e1s l\u00f3gico pues antes era una encrucijada de caminos de Yugueros a La Ercina con los que iban a La Serna y san Pedro. El hoy llamado Camino Hondo se llam\u00f3 anteriormente La Requejada aunque valle hondo y quejo, requejo y requejada vienen a significar lo mismo. Lo mismo, lo que antes se llam\u00f3 la Mata Espesa o lugar arbolado con una sola especie y con mucha abundancia, pasa llamarse Monte Corral (monte del corral) por el corral de ovejas que existi\u00f3 en el lugar y del que hoy s\u00f3lo quedan ruinas. Igual con el tiempo se convierte en mata de pinos si es que las procesionarias lo permiten.<\/p>\n\n\n\n<p>No faltan tampoco referencias topon\u00edmicas a \u00e1rboles o agrupaci\u00f3n de ellos que hoy ya no existen su existencia ha quedado fosilizada en la Toponimia. No queda rebollo en El Rebollo ni prunales en Valdeprunal, no s\u00e9 si chopos en El Chopo pero lo que no hay son tejos en la fuente La Teja. Ni la salguera de la fuente del Villar, es que no s\u00e9 si hay fuente hoy, ni olmos en El Olmo. Quedan posiblemente espinos en el Espinadal y salgueras es Salgueredo. Pero lo que ya no est\u00e1 es el arca del manzanal de Las Majadas, moj\u00f3n se\u00f1ero ni tampoco la Peral Blanca de Robledo ni mucho menos robles en Robledo; son referencias que se han perdido. Nos queda El Helechal con sus helechos que poco a poco se van comiendo la fuente. Tampoco quedan el quedan en el Valle del Mercadillo cerezos en la valleja de las Cerezales Moratas, ni avellanos en Los Avellanales, ni lino en Las Linares y lo m\u00e1s lamentable de todo, ni rastro del Robl\u00f3n. Para consuelo ah\u00ed va una foto del Robl\u00f3n de los a\u00f1os cuarenta con unos ni\u00f1os para que sirvan de referencia de lo que era aquel roble lamentablemente perdido. Ya no viven ninguno de ellos pero aun as\u00ed he difuminado su cara para mantener su anonimato. Uno de ellos me confi\u00f3 la fotograf\u00eda y la publico a su memoria. La del Robl\u00f3n ca\u00eddo es m\u00eda.<\/p>\n\n\n\n<div class=\"wp-block-image\"><figure class=\"aligncenter is-resized\"><a href=\"http:\/\/adr2.net\/wordpress\/wp-content\/uploads\/2015\/11\/Robl\u00f3n_1.jpg\"><img loading=\"lazy\" decoding=\"async\" src=\"http:\/\/adr2.net\/wordpress\/wp-content\/uploads\/2015\/11\/Robl\u00f3n_1.jpg\" alt=\"Robl\u00f3n_1\" class=\"wp-image-396\" width=\"732\" height=\"364\" srcset=\"http:\/\/adr2.net\/wordpress\/wp-content\/uploads\/2015\/11\/Robl\u00f3n_1.jpg 750w, http:\/\/adr2.net\/wordpress\/wp-content\/uploads\/2015\/11\/Robl\u00f3n_1-300x149.jpg 300w\" sizes=\"auto, (max-width: 732px) 100vw, 732px\" \/><\/a><\/figure><\/div>\n\n\n\n<p class=\"has-text-align-center\"><em><sub>El Robl\u00f3n, tal como era<\/sub><\/em><\/p>\n\n\n\n<div class=\"wp-block-image\"><figure class=\"aligncenter\"><a href=\"http:\/\/adr2.net\/wordpress\/wp-content\/uploads\/2015\/11\/Robl\u00f3n_2.jpg\"><img loading=\"lazy\" decoding=\"async\" width=\"746\" height=\"354\" src=\"http:\/\/adr2.net\/wordpress\/wp-content\/uploads\/2015\/11\/Robl\u00f3n_2.jpg\" alt=\"Robl\u00f3n_2\" class=\"wp-image-397\" srcset=\"http:\/\/adr2.net\/wordpress\/wp-content\/uploads\/2015\/11\/Robl\u00f3n_2.jpg 746w, http:\/\/adr2.net\/wordpress\/wp-content\/uploads\/2015\/11\/Robl\u00f3n_2-300x142.jpg 300w\" sizes=\"auto, (max-width: 746px) 100vw, 746px\" \/><\/a><\/figure><\/div>\n\n\n\n<p class=\"has-text-align-center\"><em><sub>El Robl\u00f3n: homenaje al \u00c1rbol Ca\u00eddo<\/sub><\/em><\/p>\n\n\n\n<p class=\"has-text-align-right\">A. Del R\u00edo<\/p>\n","protected":false},"excerpt":{"rendered":"<p>El Lugar de Yugueros es territorio de media monta\u00f1a, con altitudes que oscilan entre 1000 y 1400 metros de altitud sobre el nivel del mar formado por un conjunto de valles y colinas. Seg\u00fan la contestaci\u00f3n que el Pueblo dio al Interrogatorio del Marqu\u00e9s de la Ensenada de 1752, mide media legua de Oriente a &hellip; <a href=\"http:\/\/adr2.net\/wordpress\/?page_id=735\" class=\"more-link\">Sigue leyendo <span class=\"screen-reader-text\">Yugueros: Geograf\u00eda, Topograf\u00eda y Toponimia<\/span> <span class=\"meta-nav\">&rarr;<\/span><\/a><\/p>\n","protected":false},"author":1,"featured_media":0,"parent":692,"menu_order":23,"comment_status":"closed","ping_status":"closed","template":"","meta":{"footnotes":""},"class_list":["post-735","page","type-page","status-publish","hentry"],"_links":{"self":[{"href":"http:\/\/adr2.net\/wordpress\/index.php?rest_route=\/wp\/v2\/pages\/735","targetHints":{"allow":["GET"]}}],"collection":[{"href":"http:\/\/adr2.net\/wordpress\/index.php?rest_route=\/wp\/v2\/pages"}],"about":[{"href":"http:\/\/adr2.net\/wordpress\/index.php?rest_route=\/wp\/v2\/types\/page"}],"author":[{"embeddable":true,"href":"http:\/\/adr2.net\/wordpress\/index.php?rest_route=\/wp\/v2\/users\/1"}],"replies":[{"embeddable":true,"href":"http:\/\/adr2.net\/wordpress\/index.php?rest_route=%2Fwp%2Fv2%2Fcomments&post=735"}],"version-history":[{"count":3,"href":"http:\/\/adr2.net\/wordpress\/index.php?rest_route=\/wp\/v2\/pages\/735\/revisions"}],"predecessor-version":[{"id":740,"href":"http:\/\/adr2.net\/wordpress\/index.php?rest_route=\/wp\/v2\/pages\/735\/revisions\/740"}],"up":[{"embeddable":true,"href":"http:\/\/adr2.net\/wordpress\/index.php?rest_route=\/wp\/v2\/pages\/692"}],"wp:attachment":[{"href":"http:\/\/adr2.net\/wordpress\/index.php?rest_route=%2Fwp%2Fv2%2Fmedia&parent=735"}],"curies":[{"name":"wp","href":"https:\/\/api.w.org\/{rel}","templated":true}]}}