{"id":718,"date":"2024-02-11T01:54:08","date_gmt":"2024-02-10T23:54:08","guid":{"rendered":"https:\/\/adr2.net\/wordpress\/?page_id=718"},"modified":"2024-02-11T02:05:11","modified_gmt":"2024-02-11T00:05:11","slug":"yugueros-y-sus-habitantes","status":"publish","type":"page","link":"http:\/\/adr2.net\/wordpress\/?page_id=718","title":{"rendered":"Yugueros y sus habitantes"},"content":{"rendered":"\n<p>A los naturales de Yugueros se les ha reconocido siempre con el gentilicio \u2018<em>Torrejinas<\/em>\u2019. Parece que esto se debe a que lo primero que ve\u00edan llegando a Yugueros los caminantes del Camino Real que desde el Mercadillo va a las Arrimadas y Bo\u00f1ar y que durante mucho tiempo fue adem\u00e1s de camino pe\u00f3n y carretero camino de peregrinos a Santiago, es la torre de su Iglesia que no es espada\u00f1a, es torre, casi torre fortaleza o torrej\u00f3n, as\u00ed tambi\u00e9n se llama. Este Camino Viejo coincide con la ruta Sub-Cant\u00e1brica, el puente del Mercadillo sobre el Esla es paso obligado y la torre es una excepci\u00f3n ya que lo m\u00e1s com\u00fan en estos lugares es una iglesia con torre de espada\u00f1a.<\/p>\n\n\n\n<p>Y a estos \u2018<em>Torrejinas<\/em>\u2019 dedico este art\u00edculo: C\u00f3mo evolucion\u00f3 la poblaci\u00f3n a lo largo de los a\u00f1os, que apellidos ten\u00edan y tienen, de d\u00f3nde proced\u00edan estos habitantes. L\u00f3gicamente tambi\u00e9n, y por casamientos, habr\u00eda personas que se iban a otros pueblos y esto es m\u00e1s dif\u00edcil de evaluar en los pasados siglos. El periodo considerado es aquel del que existen documentos escritos y fiables como son los libros de bautizados y comprende desde 1580 hasta el a\u00f1o 2000.<\/p>\n\n\n\n<figure class=\"wp-block-image size-large\"><img decoding=\"async\" src=\"https:\/\/adr2.net\/wordpress\/wp-content\/uploads\/2024\/02\/pob_yug-1.png\" alt=\"\" class=\"wp-image-723\"\/><\/figure>\n\n\n\n<p>Es conocido que en Yugueros hab\u00eda dos jurisdicciones, una del Obispo de Le\u00f3n que dur\u00f3 hasta&nbsp; 1585 y tras un corto periodo bajo el se\u00f1or\u00edo de D. Fernando de Fr\u00edas Ceballos, Yugueros pas\u00f3 a ser de realengo en la parte considerada. Otra parte sigui\u00f3 con la jurisdicci\u00f3n del Marqu\u00e9s de Astorga hasta la abolici\u00f3n de los se\u00f1or\u00edos definitivamente en 1837 seg\u00fan una ley aprobada en las Cortes de C\u00e1diz en 1812. Ver art\u00edculo sobre este tema titulado \u2018<em>Barrio del Marqu\u00e9s, Barrio del Obispo<\/em>\u2019 Para entenderse, hab\u00eda un solo Concejo y unas ordenanzas comunes que reg\u00edan la vida ordinaria pero la justicia era aplicada y el pago de impuestos se reg\u00eda por una u otra ley dependiendo de donde estuviese&nbsp; la vivienda del vecino.<\/p>\n\n\n\n<p>El otro posible n\u00facleo de poblaci\u00f3n era San Vicente de Yera en tierras privativas del Marqu\u00e9s de Astorga pero desde que hay documentos escritos no figura como entidad ni parroquia. Si los hubo, eran vecinos de Yugueros o se integraron en Yugueros y se bautizaban y enterraban en Yugueros y desde que se estableci\u00f3 el Foro Perpetuo con Yugueros por el Coto Redondo de los Aciales y Santa Olaja desde tiempo inmemorial, no se citan vecinos. Y cuando en 1669 se pleitea con Cistierna por los pastos del Coto, Yugueros es parte&nbsp; contendiente y no se hace menci\u00f3n a posibles habitantes de San Vicente de Yera. Si hay un Beneficio Eclesi\u00e1stico a favor de un cl\u00e9rigo de menores que dura hasta 1766, que nombraba el Obispo de Le\u00f3n a propuesta del Marqu\u00e9s y tomaba posesi\u00f3n de \u00e9l ceremoniosamente en la Iglesia de Yugueros. Hay enterramientos humanos fehacientes en el sitio de la ermita de la Cuesta Santa Olaja en el Perdig\u00f3n tal vez de siervos del Marqu\u00e9s, pastores o temporeros que guardasen sus montes, fincas y ganados y que poblasen San Vicente de Yera.<\/p>\n\n\n\n<p>Tambi\u00e9n posible n\u00facleo de poblaci\u00f3n pudo estar en Villarinos con enterramientos en el Canto San Pelayo destruidos al&nbsp; hacerse la actual trinchera del Ferrocarril de la Robla a finales del siglo XIX. Restos de construcciones aun son visibles o la toponimia los delata en El Villar, Villarinos, las Villellas, o los Casares. Otro lugar interesante son Los Cavenes o Cabenes, quiz\u00e1s nombre derivado de Caba\u00f1as; en todo este lugar son observables restos de cer\u00e1mica negra y a veces rayada. Pero como ya indiqu\u00e9 anteriormente, el \u00fanico registro de bautizados est\u00e1 en Yugueros y todos los registrados son nacidos en Yugueros.<\/p>\n\n\n\n<p>Par evaluar la poblaci\u00f3n he tomado &nbsp;como referencia los bautizados en Yugueros cada a\u00f1o y la vida media en aquellos a\u00f1os sobre 30 a 35 a\u00f1os ya que si bien hab\u00eda muchas personas que llegaban a ancianos, la mortalidad infantil hasta el siglo XX era muy alta. Y todos los nacidos eran, evidentemente, bautizados.&nbsp; Esta poblaci\u00f3n se mantuvo entre 150 y 200 personas hasta el siglo XX con un r\u00e1pido crecimiento llegando puntualmente a 400 habitantes en 1960 para caer bruscamente a final del XX a la situaci\u00f3n de colapso actual. Se observan en la gr\u00e1fica varios dientes de sierra que coincidir\u00edan con crisis poblacionales debidos a sequ\u00edas, epidemias, guerras, crisis econ\u00f3micas. A pesar de que evidentemente hubo emigraci\u00f3n a Am\u00e9rica con personas que se fueron a Cuba, Argentina o M\u00e9jico, \u00e9sta no fue tan marcada como en otras entidades de esta monta\u00f1a Oriental de Le\u00f3n que casi se despoblaron por esta causa. Actualmente hay signos de agotamiento poblacional.          <\/p>\n\n\n\n<p>El&nbsp; apellido o antropon\u00edmico en Espa\u00f1a se estableci\u00f3&nbsp; en 1505 con el&nbsp; sistema que contin\u00faa hasta hoy, pues hasta entonces&nbsp; hermanos con los mismos padre y madre pod\u00edan llevar apellidos diferentes, normalmente el primero del padre y el segundo de la madre. A partir de esta filiaci\u00f3n es posible establecer una genealog\u00eda con certeza, como evolucionaron los linajes, de donde proced\u00edan, como algunos apellidos de extinguieron por caprichos en las reglas de formaci\u00f3n de estos apellidos. Los m\u00e1s abundantes son los patron\u00edmicos: Garc\u00eda, Fern\u00e1ndez, Rodr\u00edguez, Gonz\u00e1lez, \u00c1lvarez,\u2026 A continuaci\u00f3n expongo una lista de todos los apellidos de nacidos Yugueros con su frecuencia y en el periodo antes considerado:<\/p>\n\n\n\n<figure class=\"wp-block-table\"><table><tbody><tr><td><strong>Total Habitantes (1580-1999)<\/strong><\/td><td><strong>2058<\/strong><\/td><\/tr><tr><td>Apellido&nbsp;&nbsp;&nbsp; R\u00edo del<\/td><td>390<\/td><\/tr><tr><td>Apellido&nbsp;&nbsp;&nbsp; Garc\u00eda<\/td><td>300<\/td><\/tr><tr><td>Apellido&nbsp;&nbsp;&nbsp; Fern\u00e1ndez<\/td><td>163<\/td><\/tr><tr><td>Apellido&nbsp;&nbsp;&nbsp; Rodr\u00edguez<\/td><td>93<\/td><\/tr><tr><td>Apellido&nbsp;&nbsp;&nbsp; Castro de<\/td><td>83<\/td><\/tr><tr><td>Apellido&nbsp;&nbsp;&nbsp; \u00c1lvarez<\/td><td>78<\/td><\/tr><tr><td>Apellido&nbsp;&nbsp;&nbsp; Reyero<\/td><td>72<\/td><\/tr><tr><td>Apellido&nbsp;&nbsp;&nbsp; Gonz\u00e1lez<\/td><td>59<\/td><\/tr><tr><td>Apellido&nbsp;&nbsp;&nbsp; Valladares<\/td><td>58<\/td><\/tr><tr><td>Apellido&nbsp;&nbsp;&nbsp; Rub\u00edn<\/td><td>56<\/td><\/tr><tr><td>Apellido&nbsp;&nbsp;&nbsp; S\u00e1nchez<\/td><td>52<\/td><\/tr><tr><td>Apellido&nbsp;&nbsp;&nbsp; D\u00edez<\/td><td>48<\/td><\/tr><tr><td>Apellido&nbsp;&nbsp;&nbsp; Robles<\/td><td>41<\/td><\/tr><tr><td>Apellido&nbsp;&nbsp;&nbsp; Prado de<\/td><td>34<\/td><\/tr><tr><td>Apellido&nbsp;&nbsp;&nbsp; (Apellido desconocido)<\/td><td>34<\/td><\/tr><tr><td>Apellido&nbsp;&nbsp;&nbsp; Marcos<\/td><td>33<\/td><\/tr><tr><td>Apellido&nbsp;&nbsp;&nbsp; Ib\u00e1\u00f1ez<\/td><td>30<\/td><\/tr><tr><td>Apellido&nbsp;&nbsp;&nbsp; Mor\u00e1n<\/td><td>23<\/td><\/tr><tr><td>Apellido&nbsp;&nbsp;&nbsp; Corral del<\/td><td>21<\/td><\/tr><tr><td>Apellido&nbsp;&nbsp;&nbsp; Alonso<\/td><td>20<\/td><\/tr><tr><td>Apellido&nbsp;&nbsp;&nbsp; Gonz\u00e1lez de Candanedo<\/td><td>20<\/td><\/tr><tr><td>Apellido&nbsp;&nbsp;&nbsp; Guti\u00e9rrez<\/td><td>20<\/td><\/tr><tr><td>Apellido&nbsp;&nbsp;&nbsp; Llamazares<\/td><td>19<\/td><\/tr><tr><td>Apellido&nbsp;&nbsp;&nbsp; Zapico<\/td><td>19<\/td><\/tr><tr><td>Apellido&nbsp;&nbsp;&nbsp; Valbuena<\/td><td>19<\/td><\/tr><tr><td>Apellido&nbsp;&nbsp;&nbsp; Arg\u00fcello de<\/td><td>16<\/td><\/tr><tr><td>Apellido&nbsp;&nbsp;&nbsp; Higelmo<\/td><td>16<\/td><\/tr><tr><td>Apellido&nbsp;&nbsp;&nbsp; Villimer<\/td><td>16<\/td><\/tr><tr><td>Apellido&nbsp;&nbsp;&nbsp; Almanza de<\/td><td>13<\/td><\/tr><tr><td>Apellido&nbsp;&nbsp;&nbsp; Vega de la<\/td><td>13<\/td><\/tr><tr><td>Apellido&nbsp;&nbsp;&nbsp; Mart\u00ednez<\/td><td>12<\/td><\/tr><tr><td>Apellido&nbsp;&nbsp; &nbsp;Blanco del<\/td><td>10<\/td><\/tr><tr><td>Apellido&nbsp;&nbsp;&nbsp; P\u00e9rez<\/td><td>10<\/td><\/tr><tr><td>Apellido&nbsp;&nbsp;&nbsp; Mu\u00f1iz<\/td><td>9<\/td><\/tr><tr><td>Apellido&nbsp;&nbsp;&nbsp; Rubio<\/td><td>9<\/td><\/tr><tr><td>Apellido&nbsp;&nbsp;&nbsp; Varga de la<\/td><td>9<\/td><\/tr><tr><td>Apellido&nbsp;&nbsp;&nbsp; Gil<\/td><td>8<\/td><\/tr><tr><td>Apellido&nbsp;&nbsp;&nbsp; Riero de<\/td><td>8<\/td><\/tr><tr><td>Apellido&nbsp;&nbsp;&nbsp; Tejido<\/td><td>7<\/td><\/tr><tr><td>Apellido&nbsp;&nbsp;&nbsp; Arrimada de la<\/td><td>6<\/td><\/tr><tr><td>Apellido&nbsp;&nbsp;&nbsp; Bay\u00f3n<\/td><td>6<\/td><\/tr><tr><td>Apellido&nbsp;&nbsp;&nbsp; Campillo del<\/td><td>6<\/td><\/tr><tr><td>Apellido&nbsp;&nbsp;&nbsp; Candanedo<\/td><td>6<\/td><\/tr><tr><td>Apellido&nbsp;&nbsp;&nbsp; Su\u00e1rez<\/td><td>5<\/td><\/tr><tr><td>Apellido&nbsp;&nbsp;&nbsp; Curue\u00f1o de<\/td><td>4<\/td><\/tr><tr><td>Apellido&nbsp;&nbsp;&nbsp; Ferreras<\/td><td>4<\/td><\/tr><tr><td>Apellido&nbsp;&nbsp;&nbsp; Garc\u00eda de Brizuela<\/td><td>4<\/td><\/tr><tr><td>Apellido&nbsp;&nbsp;&nbsp; Garc\u00eda de Vega<\/td><td>4<\/td><\/tr><tr><td>Apellido&nbsp;&nbsp;&nbsp; G\u00f3mez<\/td><td>4<\/td><\/tr><tr><td>Apellido&nbsp;&nbsp;&nbsp; L\u00f3pez<\/td><td>4<\/td><\/tr><tr><td>Apellido&nbsp;&nbsp;&nbsp; Tejerina de<\/td><td>4<\/td><\/tr><tr><td>Apellido&nbsp;&nbsp;&nbsp; Garc\u00eda de Ribera<\/td><td>3<\/td><\/tr><tr><td>Apellido&nbsp;&nbsp;&nbsp; Guerra<\/td><td>3<\/td><\/tr><tr><td>Apellido&nbsp;&nbsp;&nbsp; L\u00e1iz<\/td><td>3<\/td><\/tr><tr><td>Apellido&nbsp;&nbsp;&nbsp; Monge<\/td><td>3<\/td><\/tr><tr><td>Apellido&nbsp;&nbsp;&nbsp; Puente<\/td><td>3<\/td><\/tr><tr><td>Apellido&nbsp;&nbsp;&nbsp; Renedo de<\/td><td>3<\/td><\/tr><tr><td>Apellido&nbsp;&nbsp;&nbsp; Barrera<\/td><td>2<\/td><\/tr><tr><td>Apellido&nbsp;&nbsp;&nbsp; Brizuela<\/td><td>2<\/td><\/tr><tr><td>Apellido&nbsp;&nbsp;&nbsp; Caso de<\/td><td>2<\/td><\/tr><tr><td>Apellido&nbsp;&nbsp;&nbsp; Chueca<\/td><td>2<\/td><\/tr><tr><td>Apellido&nbsp;&nbsp;&nbsp; Getino<\/td><td>2<\/td><\/tr><tr><td>Apellido&nbsp;&nbsp;&nbsp; Luis<\/td><td>2<\/td><\/tr><tr><td>Apellido&nbsp;&nbsp;&nbsp; Mora<\/td><td>2<\/td><\/tr><tr><td>Apellido&nbsp;&nbsp;&nbsp; Ramos<\/td><td>2<\/td><\/tr><tr><td>Apellido&nbsp;&nbsp;&nbsp; Villarroel<\/td><td>2<\/td><\/tr><tr><td>Apellido&nbsp;&nbsp;&nbsp; Ampudia<\/td><td>1<\/td><\/tr><tr><td>Apellido&nbsp;&nbsp;&nbsp; Andr\u00e9s<\/td><td>1<\/td><\/tr><tr><td>Apellido&nbsp;&nbsp;&nbsp; Barrios<\/td><td>1<\/td><\/tr><tr><td>Apellido&nbsp;&nbsp;&nbsp; Best\u00f3n<\/td><td>1<\/td><\/tr><tr><td>Apellido&nbsp;&nbsp;&nbsp; Blas de<\/td><td>1<\/td><\/tr><tr><td>Apellido&nbsp;&nbsp;&nbsp; Cabeza de la<\/td><td>1<\/td><\/tr><tr><td>Apellido&nbsp;&nbsp;&nbsp; Chivania<\/td><td>1<\/td><\/tr><tr><td>Apellido&nbsp;&nbsp;&nbsp; D\u00edaz<\/td><td>1<\/td><\/tr><tr><td>Apellido&nbsp;&nbsp;&nbsp; Espada<\/td><td>1<\/td><\/tr><tr><td>Apellido&nbsp;&nbsp;&nbsp; Garc\u00eda de Salazar<\/td><td>1<\/td><\/tr><tr><td>Apellido&nbsp;&nbsp;&nbsp; Herv\u00f3n<\/td><td>1<\/td><\/tr><tr><td>Apellido&nbsp;&nbsp;&nbsp; Ju\u00e1rez<\/td><td>1<\/td><\/tr><tr><td>Apellido&nbsp;&nbsp;&nbsp; Lario<\/td><td>1<\/td><\/tr><tr><td>Apellido&nbsp;&nbsp;&nbsp; Melgar<\/td><td>1<\/td><\/tr><tr><td>Apellido&nbsp;&nbsp;&nbsp; Modino de<\/td><td>1<\/td><\/tr><tr><td>Apellido&nbsp;&nbsp;&nbsp; Mu\u00f1oz<\/td><td>1<\/td><\/tr><tr><td>Apellido&nbsp;&nbsp;&nbsp; No consta<\/td><td>1<\/td><\/tr><tr><td>Apellido&nbsp;&nbsp;&nbsp; Polo<\/td><td>1<\/td><\/tr><tr><td>Apellido&nbsp;&nbsp;&nbsp; Regodeceves<\/td><td>1<\/td><\/tr><tr><td>Apellido&nbsp;&nbsp;&nbsp; Ru\u00edz<\/td><td>1<\/td><\/tr><tr><td>Apellido&nbsp;&nbsp;&nbsp; Santander de<\/td><td>1<\/td><\/tr><tr><td>Apellido&nbsp;&nbsp;&nbsp; Segoviano<\/td><td>1<\/td><\/tr><tr><td>Apellido&nbsp;&nbsp;&nbsp; Yugueros<\/td><td>1<\/td><\/tr><\/tbody><\/table><\/figure>\n\n\n\n<p>Hay apellidos que se han hecho mayoritarios, as\u00ed el Del R\u00edo aparece por primera vez en 1590 en una persona llamada Bartolom\u00e9 del R\u00edo, casado con Leonor Valbuena, padres de nacidos en Yugueros de ah\u00ed desciende el apellido y linaje. Sospecho aunque no puedo asegurar que de origen asturiano pues en los primeros Del R\u00edo llevan como segundo apellido De Caso, De Ponga, Valbuena&nbsp; con frecuencia. En el siglo XX los Del R\u00edo se hacen dominantes por azar. Caso contrario siguen los Rub\u00edn, que de ser relativamente corrientes en los siglos XVII y XVIII terminan en los comienzos de XX. Actualmente la dispersi\u00f3n se hecho grande al observar la lista. Otros apellidos han evolucionado, curiosamente el apellido Reyero inicialmente era Riero y en una misma familia con mismo padre y madre hay hermanos con Riero y Reyero y a partir de aqu\u00ed, todos son Reyero.<\/p>\n\n\n\n<p>Tambi\u00e9n hay apellidos que denotan el origen geogr\u00e1fico de donde proceden, sobre todo en los primeros a\u00f1os. As\u00ed son comunes los De la Arrimada (de las Arrimadas ya que antiguamente estos pueblos se denominaban La Arrimada), De La Vega, De Brizuela, Del Campillo, De Almanza, De Villimer, De Bores, \u2026 Evidentemente los patron\u00edmicos son de todas partes. A partir de 1700 tambi\u00e9n es posible rastrear muchos or\u00edgenes de personas afincadas en Yugueros, de San Pedro de Foncollada, de San Pedro de Valdesabero, de la Serna, de Modino, de Secos, de Vidanes\u2026 por orden de importancia. Curiosamente ninguno de Cistierna hasta tiempos muy actuales.&nbsp; Y tambi\u00e9n or\u00edgenes aparentemente alejados que denota que las personas se mov\u00edan desde m\u00e1s all\u00e1 de su comarca. As\u00ed los hay de&nbsp; &nbsp;Perrozo, Bores, La Li\u00e9bana, (Cantabria); de Santa Mar\u00eda de Urbies, Mer\u00e9, Andisana, Ibias, Mieres, Tur\u00f3n, Caso&nbsp; (Asturias); de Porquera de Santull\u00e1n, Are\u00f1os, de Santiago del Val (Palencia); de Brizuela, Carabeos (Burgos); de Mosqueruela (Teruel).<\/p>\n\n\n\n<p>El origen de Asturias es especialmente significativo y coincide con el comienzo de la actividad minera en nuestras tierras, tal vez obreros que ya conoc\u00edan esta actividad en su origen y llegaron como especialistas. Otros buscar\u00edan una tierra con m\u00e1s sol y ganadera y cerealista. Ya he comentado que Yugueros por su altitud y situaci\u00f3n, era un lugar donde mejor maduraba el trigo en esta comarca.<\/p>\n\n\n\n<p>Hay varias anotaciones de bautizados referentes a ni\u00f1os o ni\u00f1as abandonados en el portal de la Iglesia sin aclaraciones. Se pueden hacer muchas conjeturas sobre cu\u00e1l era el origen de estos peque\u00f1os. Ni se sabe cual pudo ser su destino,&nbsp; recogidos por familias por otras familias es lo probable. Y si dura era la vida de los ni\u00f1os, la de estos mucho m\u00e1s si es que sobreviv\u00edan.<\/p>\n\n\n\n<p>Saber cu\u00e1ntos nativos de Yugueros se fueron a otros destinos es m\u00e1s dif\u00edcil de evaluar con los archivos del pueblo solamente. Se puede suponer que compensar\u00edan con los que llegaban.<\/p>\n\n\n\n<p>La situaci\u00f3n actual es complicada poblacionalmente. La agricultura y ganader\u00eda tradicional desapareci\u00f3, La emigraci\u00f3n fue mucha en los a\u00f1os 1970 a zonas industriales de Pa\u00eds Vasco sobre todo y el cierre de las minas de Carb\u00f3n a finales de siglo y un ferrocarril que languidece dio la puntilla. La actividad ganadera es casi nula. Quedan unos pocos jubilados y alguna pareja relativamente joven en sector servicios. Solamente el periodo veraniego pone un poco de alegr\u00eda en el pueblo con la presencia&nbsp; de los veraneantes.<\/p>\n\n\n\n<p>A. del R\u00edo.<\/p>\n","protected":false},"excerpt":{"rendered":"<p>A los naturales de Yugueros se les ha reconocido siempre con el gentilicio \u2018Torrejinas\u2019. Parece que esto se debe a que lo primero que ve\u00edan llegando a Yugueros los caminantes del Camino Real que desde el Mercadillo va a las Arrimadas y Bo\u00f1ar y que durante mucho tiempo fue adem\u00e1s de camino pe\u00f3n y carretero &hellip; <a href=\"http:\/\/adr2.net\/wordpress\/?page_id=718\" class=\"more-link\">Sigue leyendo <span class=\"screen-reader-text\">Yugueros y sus habitantes<\/span> <span class=\"meta-nav\">&rarr;<\/span><\/a><\/p>\n","protected":false},"author":1,"featured_media":0,"parent":692,"menu_order":21,"comment_status":"closed","ping_status":"closed","template":"","meta":{"footnotes":""},"class_list":["post-718","page","type-page","status-publish","hentry"],"_links":{"self":[{"href":"http:\/\/adr2.net\/wordpress\/index.php?rest_route=\/wp\/v2\/pages\/718","targetHints":{"allow":["GET"]}}],"collection":[{"href":"http:\/\/adr2.net\/wordpress\/index.php?rest_route=\/wp\/v2\/pages"}],"about":[{"href":"http:\/\/adr2.net\/wordpress\/index.php?rest_route=\/wp\/v2\/types\/page"}],"author":[{"embeddable":true,"href":"http:\/\/adr2.net\/wordpress\/index.php?rest_route=\/wp\/v2\/users\/1"}],"replies":[{"embeddable":true,"href":"http:\/\/adr2.net\/wordpress\/index.php?rest_route=%2Fwp%2Fv2%2Fcomments&post=718"}],"version-history":[{"count":5,"href":"http:\/\/adr2.net\/wordpress\/index.php?rest_route=\/wp\/v2\/pages\/718\/revisions"}],"predecessor-version":[{"id":827,"href":"http:\/\/adr2.net\/wordpress\/index.php?rest_route=\/wp\/v2\/pages\/718\/revisions\/827"}],"up":[{"embeddable":true,"href":"http:\/\/adr2.net\/wordpress\/index.php?rest_route=\/wp\/v2\/pages\/692"}],"wp:attachment":[{"href":"http:\/\/adr2.net\/wordpress\/index.php?rest_route=%2Fwp%2Fv2%2Fmedia&parent=718"}],"curies":[{"name":"wp","href":"https:\/\/api.w.org\/{rel}","templated":true}]}}