{"id":697,"date":"2024-02-11T00:56:35","date_gmt":"2024-02-10T22:56:35","guid":{"rendered":"https:\/\/adr2.net\/wordpress\/?page_id=697"},"modified":"2025-03-23T23:54:58","modified_gmt":"2025-03-23T21:54:58","slug":"blogg","status":"publish","type":"page","link":"http:\/\/adr2.net\/wordpress\/?page_id=697","title":{"rendered":"Blog"},"content":{"rendered":"\n<p>Se abre en este apartado con art\u00edculos sobre temas documentados y curiosos pero que se pueden prestar a discusi\u00f3n o diferente interpretaci\u00f3n. Es por ello que se incluyan apreciaciones personales.<\/p>\n\n\n\n<ul class=\"wp-block-list\">\n<li><a href=\"https:\/\/adr2.net\/wordpress\/?page_id=778\" data-type=\"page\" data-id=\"778\">La Virgen Vieja de Yugueros<\/a><\/li>\n\n\n\n<li><a href=\"https:\/\/adr2.net\/wordpress\/?page_id=785\" data-type=\"page\" data-id=\"785\">El pleito del sitial en la Iglesia parroquial.<\/a><\/li>\n\n\n\n<li><a href=\"https:\/\/adr2.net\/wordpress\/?page_id=790\" data-type=\"page\" data-id=\"790\">Barrio del Marqu\u00e9s y el Barrio del Obispo<\/a>.<\/li>\n\n\n\n<li><a href=\"https:\/\/adr2.net\/wordpress\/?page_id=793\" data-type=\"page\" data-id=\"793\">El Hoy\u00f3n de Yugueros que siempre fue el Pozo de las Bozas y otras suposiciones<\/a>.<\/li>\n\n\n\n<li><a href=\"https:\/\/adr2.net\/wordpress\/?page_id=804\" data-type=\"page\" data-id=\"804\">Minas de Hierro en la Cerra de Yugueros<\/a>.<\/li>\n\n\n\n<li><a href=\"https:\/\/adr2.net\/wordpress\/?page_id=808\" data-type=\"page\" data-id=\"808\">De cuando hubo osos en Yugueros<\/a>.<\/li>\n\n\n\n<li><a href=\"https:\/\/adr2.net\/wordpress\/?page_id=872\" data-type=\"page\" data-id=\"872\">\u00abLas Campanas y el Pend\u00f3n, del Concejo son\u00bb<\/a><\/li>\n\n\n\n<li><a href=\"https:\/\/adr2.net\/wordpress\/?page_id=886\" data-type=\"page\" data-id=\"886\">Los Corrales de Yugueros y el Pozo de Las Bozas<\/a><\/li>\n<\/ul>\n\n\n\n<p><\/p>\n\n\n\n<p><\/p>\n\n\n\n<p class=\"has-vivid-red-color has-text-color has-link-color wp-elements-68c9d1e4955615b38496047d32045256\"><strong><em>Si se aprecia un uso&nbsp; no adecuado del espacio dedicado a comentarios, se impondr\u00e1 el registro previo&nbsp; en WordPress para hacerlo posible .<\/em><\/strong><\/p>\n\n\n\n<p class=\"has-vivid-red-color has-text-color has-link-color wp-elements-17387f2a70d5a36d27d58127255fa697\"><strong><em>Puedes crearte un identificador y contrase\u00f1a en<\/em><\/strong><strong><em>:<\/em><\/strong>&nbsp; <a href=\"https:\/\/wordpress.com\/start\/account\/user\/es\">https:\/\/wordpress.com\/start\/account\/user\/es<\/a><\/p>\n\n\n\n<p class=\"has-vivid-red-color has-text-color has-link-color wp-elements-8909baa7450ae2821d537370ed813f24\"><em><strong>Los comentarios ser\u00e1n aprobados previamente para hacerse visibles. Y no ser\u00e1n aprobados los que no vengan al caso y no aporten nada, sean mensajes comerciales, sean ofensivos o aludan a textos o fotos de otros autores sin citar su origen o propietarios.<\/strong><\/em><\/p>\n\n\n\n<p><\/p>\n\n\n\n<p><\/p>\n","protected":false},"excerpt":{"rendered":"<p>Se abre en este apartado con art\u00edculos sobre temas documentados y curiosos pero que se pueden prestar a discusi\u00f3n o diferente interpretaci\u00f3n. Es por ello que se incluyan apreciaciones personales. Si se aprecia un uso&nbsp; no adecuado del espacio dedicado a comentarios, se impondr\u00e1 el registro previo&nbsp; en WordPress para hacerlo posible . Puedes crearte &hellip; <a href=\"http:\/\/adr2.net\/wordpress\/?page_id=697\" class=\"more-link\">Sigue leyendo <span class=\"screen-reader-text\">Blog<\/span> <span class=\"meta-nav\">&rarr;<\/span><\/a><\/p>\n","protected":false},"author":1,"featured_media":0,"parent":0,"menu_order":7,"comment_status":"closed","ping_status":"closed","template":"","meta":{"footnotes":""},"class_list":["post-697","page","type-page","status-publish","hentry"],"_links":{"self":[{"href":"http:\/\/adr2.net\/wordpress\/index.php?rest_route=\/wp\/v2\/pages\/697","targetHints":{"allow":["GET"]}}],"collection":[{"href":"http:\/\/adr2.net\/wordpress\/index.php?rest_route=\/wp\/v2\/pages"}],"about":[{"href":"http:\/\/adr2.net\/wordpress\/index.php?rest_route=\/wp\/v2\/types\/page"}],"author":[{"embeddable":true,"href":"http:\/\/adr2.net\/wordpress\/index.php?rest_route=\/wp\/v2\/users\/1"}],"replies":[{"embeddable":true,"href":"http:\/\/adr2.net\/wordpress\/index.php?rest_route=%2Fwp%2Fv2%2Fcomments&post=697"}],"version-history":[{"count":9,"href":"http:\/\/adr2.net\/wordpress\/index.php?rest_route=\/wp\/v2\/pages\/697\/revisions"}],"predecessor-version":[{"id":890,"href":"http:\/\/adr2.net\/wordpress\/index.php?rest_route=\/wp\/v2\/pages\/697\/revisions\/890"}],"wp:attachment":[{"href":"http:\/\/adr2.net\/wordpress\/index.php?rest_route=%2Fwp%2Fv2%2Fmedia&parent=697"}],"curies":[{"name":"wp","href":"https:\/\/api.w.org\/{rel}","templated":true}]}}