{"id":463,"date":"2017-07-30T23:22:10","date_gmt":"2017-07-30T21:22:10","guid":{"rendered":"http:\/\/adr2.net\/wordpress\/?page_id=463"},"modified":"2024-02-11T13:11:28","modified_gmt":"2024-02-11T11:11:28","slug":"las-regueras-y-los-trampales","status":"publish","type":"page","link":"http:\/\/adr2.net\/wordpress\/?page_id=463","title":{"rendered":"Las Regueras y Los Trampales"},"content":{"rendered":"<p><a href=\"http:\/\/adr2.net\/wordpress\/wp-content\/uploads\/2017\/07\/trampales_regueras.jpg\"><img loading=\"lazy\" decoding=\"async\" class=\"aligncenter size-full wp-image-464\" src=\"http:\/\/adr2.net\/wordpress\/wp-content\/uploads\/2017\/07\/trampales_regueras.jpg\" alt=\"trampales_regueras\" width=\"841\" height=\"620\" srcset=\"http:\/\/adr2.net\/wordpress\/wp-content\/uploads\/2017\/07\/trampales_regueras.jpg 841w, http:\/\/adr2.net\/wordpress\/wp-content\/uploads\/2017\/07\/trampales_regueras-300x221.jpg 300w, http:\/\/adr2.net\/wordpress\/wp-content\/uploads\/2017\/07\/trampales_regueras-768x566.jpg 768w\" sizes=\"auto, (max-width: 841px) 100vw, 841px\" \/><\/a><\/p>\n<table width=\"676\">\n<tbody>\n<tr>\n<td colspan=\"2\" width=\"676\"><strong>Zona 3 &#8211; TRAMPALES Y REGUERAS<\/strong><\/td>\n<\/tr>\n<tr>\n<td width=\"149\"><\/td>\n<td width=\"526\"><\/td>\n<\/tr>\n<tr>\n<td width=\"149\"><strong>Adil\u00f3n El<\/strong><\/td>\n<td width=\"526\">En leon\u00e9s un adil es un terreno no cultivado o prado poco f\u00e9rtil. De origen incierto, tal vez prerromano o relacionado con la palabra latina <em>aridus<\/em>: \u00e1rido. Es diferente de un barbecho. Un adil\u00f3n se refiere a un adil extenso y de poco valor, mas bien un pastizal.<\/td>\n<\/tr>\n<tr>\n<td width=\"149\"><strong>Alto de los Trampales<\/strong><\/td>\n<td width=\"526\">Lugar de Los Trampales con una arca o moj\u00f3n que delimita el termino de Yugueros de La Serna y San Pedro. Punto m\u00e1s alto del lugar.<\/td>\n<\/tr>\n<tr>\n<td width=\"149\"><strong>Burra La<\/strong><\/td>\n<td width=\"526\">Relacionado con el t\u00e9rmino&nbsp; latino <em>burere<\/em>: quemar.&nbsp; Se refiere a terrenos quemados y ganados para el cultivo. Es un top\u00f3nimo muy com\u00fan en la provincia de Le\u00f3n con este sentido.<\/td>\n<\/tr>\n<tr>\n<td width=\"149\"><strong>Charco El<\/strong><\/td>\n<td width=\"526\">Tal vez origen onomatop\u00e9yico referido la ruido que se hace al cruzar una ci\u00e9naga. Lugar donde abunda el agua y usado como prader\u00eda.<\/td>\n<\/tr>\n<tr>\n<td width=\"149\"><strong>Ciego El<\/strong><\/td>\n<td width=\"526\">No parece que esta palabra en este contexto tenga que ver con una ceguera, tal vez tenga referencia con lugar o t\u00e9rmino que se cierra y de dif\u00edcil salida.<\/td>\n<\/tr>\n<tr>\n<td width=\"149\"><strong>Cornehuevo<\/strong><\/td>\n<td width=\"526\">La palabra <em>corno, corni\u00f3n<\/em> es muy com\u00fan en la toponimia leonesa en la monta\u00f1a, hace referencia a un lugar alto. En este caso con perfil redondeado con semejanzas con un huevo.<\/td>\n<\/tr>\n<tr>\n<td width=\"149\"><strong>Crespal El<\/strong><\/td>\n<td width=\"526\">Del lat\u00edn <em>crispus<\/em>: crespo. Lugar con abundancia de \u00e1rboles y arbustos con hojas retorcidas. Tal vez la planta documentada como <em>Quercus paucirradiata<\/em> de la familia de las <em>fagaceas<\/em> como el roble y la encina. Dif\u00edcil de encontrar e identificar. Est\u00e1 en regresi\u00f3n.<\/td>\n<\/tr>\n<tr>\n<td width=\"149\"><strong>El Paso<\/strong><\/td>\n<td width=\"526\">M\u00e1s bien los&nbsp; Pasos: Cimero y Bajero, dos lugares por donde el FF.CC. Cruza los antiguos caminos, de Yugueros a la Junquera y el camino a Oceja. Top\u00f3nimo moderno, antes ser\u00eda simplemente, uno Los Cortinos y el otro El Pacedero.<\/td>\n<\/tr>\n<tr>\n<td width=\"149\"><strong>Encortijada La<\/strong><\/td>\n<td width=\"526\">Este top\u00f3nimo aparece antiguamente como La Encrucijada. Se refiere al cruce de caminos que hab\u00eda en este lugar: camino de Yugueros a R\u00edo Valdeyorma, camino a San Pedro de Foncollada y camino a La Serna. Con la construcci\u00f3n del Ferrocarril de la Robla y la correspondiente trinchera, este lugar qued\u00f3 muy cambiado de lo que era anteriormente.<\/td>\n<\/tr>\n<tr>\n<td width=\"149\"><strong>Encortijada Alto<\/strong><\/td>\n<td width=\"526\">Alto de La Encrucijada. Por este lugar se parten las aguas vertientes entre el R\u00edo Esla y el R\u00edo Valdeyorma.<\/td>\n<\/tr>\n<tr>\n<td width=\"149\"><strong>Granda La<\/strong><\/td>\n<td width=\"526\">De origen incierto, tal vez prerromano. Monte poblado de arbustos, ladera pedregosa de pobres pastos. Muy com\u00fan en esta monta\u00f1a y en Asturias.<\/td>\n<\/tr>\n<tr>\n<td width=\"149\"><strong>Hortales Los<\/strong><\/td>\n<td width=\"526\">Sitio con abundantes prados. Del lat\u00edn <em>pratum<\/em> : prado. Fincas Tierra muy h\u00fameda o de regad\u00edo, en la cual se deja crecer o se siembra la hierba para pasto de los ganados. Generalmente cerrados con piedras o setos vegetales en que cada propietario llevaba sus ganados o recog\u00eda la hierba en exclusiva.<\/td>\n<\/tr>\n<tr>\n<td width=\"149\"><strong>Juncal El<\/strong><\/td>\n<td width=\"526\">Humedal, lugar poblado de juncos. Arroyo que viene de la collada de san Pedro<\/td>\n<\/tr>\n<tr>\n<td width=\"149\"><strong>Junquera La<\/strong><\/td>\n<td width=\"526\">Lugar h\u00famedo poblado de juncos. Se conoce como junco a las plantas de la familia j<em>uncaceae,<\/em> ligadas al agua o a zonas h\u00famedas, de altura media es de 50 cm o m\u00e1s. No son propias para el ganado.<\/td>\n<\/tr>\n<tr>\n<td width=\"149\"><strong>Labiada La<\/strong><\/td>\n<td width=\"526\">Nombre de incierto origen y significado. Puede ser Laviada, derivado de lat\u00edn <em>lapidem<\/em>: piedra, o lapidare: tirar piedras o lugar pedregoso parece poco apropiado por no haber actualmente muchas piedras. Tambi\u00e9n podr\u00eda ser esta denominaci\u00f3n por haber colinas suaves, con semejanzas anat\u00f3micas con labios. o Tambi\u00e9n La Viada o lugar de paso.<\/td>\n<\/tr>\n<tr>\n<td width=\"149\"><strong>Loca La<\/strong><\/td>\n<td width=\"526\">Dif\u00edcil interpretaci\u00f3n, tal vez origen prerromano o eusqu\u00e9rico: <em>lokatz<\/em> es un lodazal-. En este lugar se documenta una fuente y su humedal. Podr\u00eda referirse a lugar encharcado, ci\u00e9naga.<\/td>\n<\/tr>\n<tr>\n<td width=\"149\"><strong>Molinos Los<\/strong><\/td>\n<td width=\"526\">Lugar donde hubo molinos. Situado en el camino del Valle, detr\u00e1s de la Corona antes de la confluencia del arroyo de san Pedro con el arroyo del Valle. Posiblemente s\u00f3lo moler\u00edan en invierno y primavera por falta de caudal. Aun se conservan restos de paredes y canales.<\/td>\n<\/tr>\n<tr>\n<td width=\"149\"><strong>Navalico El<\/strong><\/td>\n<td width=\"526\">La palabra <em>nava<\/em> es muy com\u00fan en toponimia leonesa, de origen incierto, tal vez prerromano. Hace referencia a un lugar sin \u00e1rboles, llano y a veces pantanoso. Es un hidr\u00f3nimo. En este caso en un diminutivo.<\/td>\n<\/tr>\n<tr>\n<td width=\"149\"><strong>Olmo El<\/strong><\/td>\n<td width=\"526\">Referencias a un \u00e1rbol que hubo en este lugar. Lugar con fuente aprovechada para el riego de hortalizas.<\/td>\n<\/tr>\n<tr>\n<td width=\"149\"><strong>Peral del Conde La<\/strong><\/td>\n<td width=\"526\">Ya no existe la peral que tal vez estuvo en un prado perteneciente a propiedades del Conde de Altamira, que compart\u00eda jurisdicci\u00f3n con el Obispado en Yugueros con propiedades verificables en muchos lugares del Pueblo.<\/td>\n<\/tr>\n<tr>\n<td width=\"149\"><strong>Pez El<\/strong><\/td>\n<td width=\"526\">Lugar en el l\u00edmite que separa el t\u00e9rmino de Yugueros del de La Ercina. Con fuente y tal vez&nbsp; est\u00e9 relacionada con el apelativo Pez. Hoy la fuente est\u00e1 muy abandonada, casi perdida en el juncal.<\/td>\n<\/tr>\n<tr>\n<td width=\"149\"><strong>Prado la Iglesia<\/strong><\/td>\n<td width=\"526\">Referencias a antiguo prado cuyo propietario era la parroquia de Yugueros<\/td>\n<\/tr>\n<tr>\n<td width=\"149\"><strong>Reguera Juana<\/strong><\/td>\n<td width=\"526\">Canalizaci\u00f3n de agua para riego de un prado a cuyo propietario se hace referencia.<\/td>\n<\/tr>\n<tr>\n<td width=\"149\"><strong>Reguera Sim\u00f3n<\/strong><\/td>\n<td width=\"526\">La misma referencia del caso anterior<\/td>\n<\/tr>\n<tr>\n<td width=\"149\"><strong>Regueras Las<\/strong><\/td>\n<td width=\"526\">De reguero, canalizaci\u00f3n de agua. Canal que se hace en la tierra a fin de conducir el agua para el riego. Por esta zona hay continuas referencias a humedales, fuentes, ci\u00e9nagas. Hay que suponer que el agua se distribuir\u00eda para el riego de prados.<\/td>\n<\/tr>\n<tr>\n<td width=\"149\"><strong>San Roque &#8211; Ermita<\/strong><\/td>\n<td width=\"526\">Desde tiempo inmemorial ha existido en este lugar una ermita dedicada a san Roque con su cofrad\u00eda y unas propiedades que se supone que son las fincas en su cercan\u00eda. Actualmente las fincas son particulares y la ermita est\u00e1 totalmente reconstruida.<\/td>\n<\/tr>\n<tr>\n<td width=\"149\"><strong>Soto El<\/strong><\/td>\n<td width=\"526\">Del lat\u00edn <em>saltus:<\/em> bosque, selva. Lugar, generalmente en ribera, poblado de arbustos, muchas veces convertido en prader\u00eda y pastizal. Hay&nbsp; en este lugar humedales y alguna fuente actualmente.<\/td>\n<\/tr>\n<tr>\n<td width=\"149\"><strong>Suertes Las<\/strong><\/td>\n<td width=\"526\">Lugar de propiedades de peque\u00f1o tama\u00f1o dedicadas a hortalizas regadas con el agua de la fuente de la Yunquera. Antigua propiedad de del llama marqu\u00e9s de Astorga que Yugueros ten\u00eda en foro y que aqui\u00f1onado se repart\u00eda entre los vecinos que sin ser propietarios lo cultivaban. Cada cinco a\u00f1os se hac\u00eda un nuevo sorteo entre vecinos del pueblo que reun\u00edan condiciones para participar en \u00e9l.&nbsp; De este sorteo le viene el nombre del lugar. Por este lugar pasaba el camino del Mercadillo y hay restos de antiguo poblamiento o barrio del pueblo.<\/td>\n<\/tr>\n<tr>\n<td width=\"149\"><strong>Trampales Los<\/strong><\/td>\n<td width=\"526\">Hidr\u00f3nimo derivado de<em> trampa<\/em>: pantano, atolladero, tremedal. Lugar con humedales por donde es dif\u00edcil caminar por abundar los atolladeros. Es un espacio amplio con engloba a su vez otros varios top\u00f3nimos relacionados con fuentes.<\/td>\n<\/tr>\n<tr>\n<td width=\"149\"><strong>Tras de las Torales<\/strong><\/td>\n<td width=\"526\">Visto desde el pueblo, est\u00e1 detr\u00e1s del monte de la Granda, aparentemente lugar apropiado para pasto de bueyes. Relaci\u00f3n con toral de latino <em>taurus<\/em>: referencia a pastos para bueyes.<\/td>\n<\/tr>\n<tr>\n<td width=\"149\"><strong>Tras el Cantico<\/strong><\/td>\n<td width=\"526\">Detr\u00e1s del cantico, diminutivo de canta.&nbsp; Derivado&nbsp; latino de&nbsp; <em>cautum<\/em>: piedra, pe\u00f1asco, colina aislada de forma c\u00f3nica.<\/td>\n<\/tr>\n<tr>\n<td width=\"149\"><strong>Tremadal El<\/strong><\/td>\n<td width=\"526\">Deformaci\u00f3n de tremedal. Del lat. <em>tremere<\/em>: temblar.&nbsp; Terreno pantanoso, abundante en turba, cubierto de c\u00e9sped, y que por su escasa consistencia retiembla al paso.<\/td>\n<\/tr>\n<tr>\n<td width=\"149\"><strong>Valdemuelas<\/strong><\/td>\n<td width=\"526\">Valle de muelas. Del latino <em>molam<\/em>.&nbsp; Semejanzas a esta pieza dental, piedras con esta apariencia. Terreno con elevaciones suaves planas en parte superior o piedras parecidas a muelas. Humedal m\u00e1s importante de&nbsp; todos los Trampales. Antes prader\u00eda y hoy abandonado y lleno de maleza.<\/td>\n<\/tr>\n<tr>\n<td width=\"149\"><strong>Vallejo El<\/strong><\/td>\n<td width=\"526\">Valle peque\u00f1o. Valle que desde lo m\u00e1s alto de la Granda cae hacia el norte en direcci\u00f3n a la iglesia de Yugueros.<\/td>\n<\/tr>\n<\/tbody>\n<\/table>\n<p>&nbsp;<\/p>\n","protected":false},"excerpt":{"rendered":"<p>Zona 3 &#8211; TRAMPALES Y REGUERAS Adil\u00f3n El En leon\u00e9s un adil es un terreno no cultivado o prado poco f\u00e9rtil. De origen incierto, tal vez prerromano o relacionado con la palabra latina aridus: \u00e1rido. Es diferente de un barbecho. Un adil\u00f3n se refiere a un adil extenso y de poco valor, mas bien un &hellip; <a href=\"http:\/\/adr2.net\/wordpress\/?page_id=463\" class=\"more-link\">Sigue leyendo <span class=\"screen-reader-text\">Las Regueras y Los Trampales<\/span> <span class=\"meta-nav\">&rarr;<\/span><\/a><\/p>\n","protected":false},"author":1,"featured_media":0,"parent":435,"menu_order":35,"comment_status":"closed","ping_status":"closed","template":"","meta":{"footnotes":""},"class_list":["post-463","page","type-page","status-publish","hentry"],"_links":{"self":[{"href":"http:\/\/adr2.net\/wordpress\/index.php?rest_route=\/wp\/v2\/pages\/463","targetHints":{"allow":["GET"]}}],"collection":[{"href":"http:\/\/adr2.net\/wordpress\/index.php?rest_route=\/wp\/v2\/pages"}],"about":[{"href":"http:\/\/adr2.net\/wordpress\/index.php?rest_route=\/wp\/v2\/types\/page"}],"author":[{"embeddable":true,"href":"http:\/\/adr2.net\/wordpress\/index.php?rest_route=\/wp\/v2\/users\/1"}],"replies":[{"embeddable":true,"href":"http:\/\/adr2.net\/wordpress\/index.php?rest_route=%2Fwp%2Fv2%2Fcomments&post=463"}],"version-history":[{"count":3,"href":"http:\/\/adr2.net\/wordpress\/index.php?rest_route=\/wp\/v2\/pages\/463\/revisions"}],"predecessor-version":[{"id":749,"href":"http:\/\/adr2.net\/wordpress\/index.php?rest_route=\/wp\/v2\/pages\/463\/revisions\/749"}],"up":[{"embeddable":true,"href":"http:\/\/adr2.net\/wordpress\/index.php?rest_route=\/wp\/v2\/pages\/435"}],"wp:attachment":[{"href":"http:\/\/adr2.net\/wordpress\/index.php?rest_route=%2Fwp%2Fv2%2Fmedia&parent=463"}],"curies":[{"name":"wp","href":"https:\/\/api.w.org\/{rel}","templated":true}]}}