{"id":460,"date":"2017-07-30T23:20:50","date_gmt":"2017-07-30T21:20:50","guid":{"rendered":"http:\/\/adr2.net\/wordpress\/?page_id=460"},"modified":"2024-02-11T13:23:45","modified_gmt":"2024-02-11T11:23:45","slug":"el-mercadillo","status":"publish","type":"page","link":"http:\/\/adr2.net\/wordpress\/?page_id=460","title":{"rendered":"El Mercadillo y La Pedreguera"},"content":{"rendered":"<p><a href=\"http:\/\/adr2.net\/wordpress\/wp-content\/uploads\/2017\/07\/mercadillo.jpg\"><img loading=\"lazy\" decoding=\"async\" class=\"size-full wp-image-461 aligncenter\" src=\"http:\/\/adr2.net\/wordpress\/wp-content\/uploads\/2017\/07\/mercadillo.jpg\" alt=\"mercadillo\" width=\"838\" height=\"576\" srcset=\"http:\/\/adr2.net\/wordpress\/wp-content\/uploads\/2017\/07\/mercadillo.jpg 838w, http:\/\/adr2.net\/wordpress\/wp-content\/uploads\/2017\/07\/mercadillo-300x206.jpg 300w, http:\/\/adr2.net\/wordpress\/wp-content\/uploads\/2017\/07\/mercadillo-768x528.jpg 768w\" sizes=\"auto, (max-width: 838px) 100vw, 838px\" \/><\/a><\/p>\n<table style=\"height: 2528px;\" width=\"680\">\n<tbody>\n<tr>\n<td colspan=\"2\" width=\"633\"><strong>Zona 5 &#8211; EL MERCADILLO:&nbsp; Valle de R\u00edo Seco<\/strong><\/td>\n<\/tr>\n<tr>\n<td width=\"142\"><\/td>\n<td width=\"491\"><\/td>\n<\/tr>\n<tr>\n<td width=\"142\"><strong>Avellanales (Corte)<\/strong><\/td>\n<td width=\"491\">Este corral de ganado de formidable hechura estaba en la ladera de los Avellanales actualmente en ruinas. Se le conoc\u00eda como Corte de Fernando por su propietario.<\/td>\n<\/tr>\n<tr>\n<td width=\"142\"><strong>Avellanales Los<\/strong><\/td>\n<td width=\"491\">Monte de robles. Todav\u00eda hay restos de cortes de ovejas. Una buena fuente debajo de la llamada corte de Fernando, bastante abandonada. No hay actualmente&nbsp; los avellanos (c<em>orylus avellana<\/em>) que denotar\u00edan su nombre.<\/td>\n<\/tr>\n<tr>\n<td width=\"142\"><strong>Canto de los Milanos<\/strong><\/td>\n<td width=\"491\">Moj\u00f3n&nbsp; se\u00f1ero entre Yugueros. Cistierna y Sorriba. Su nombre viene de la abundancia de nidos de milanos, ave rapaz (<em>milvus milvus<\/em>).<\/td>\n<\/tr>\n<tr>\n<td width=\"142\"><strong>Canto la Corte<\/strong><\/td>\n<td width=\"491\">Un <em>canto<\/em> aqu\u00ed define una cima, o arista elevada donde convergen dos laderas&nbsp; pero perteneciente a distinto valle con este sentido el origen es incierto tal vez prerromano. en frente, a orilla del arroyo, estaban las Casa de Abajo.<\/td>\n<\/tr>\n<tr>\n<td width=\"142\"><strong>Canto los Piornos<\/strong><\/td>\n<td width=\"491\">Lugar poblado actualmente de piornos: (<em>cytisus oromediterraneus<\/em>) de la familia de las <em>fab\u00e1ceas.<\/em><\/td>\n<\/tr>\n<tr>\n<td width=\"142\"><strong>Casas de Abajo<\/strong><\/td>\n<td width=\"491\">Se refiere a antiguos corrales de ovejas que exist\u00edan a orillas del arroyo&nbsp; a orillas del arroyo de R\u00edo Seco. En el siglo pasado se quemaron y solo quedan restos de muros.<\/td>\n<\/tr>\n<tr>\n<td width=\"142\"><strong>Colmenar El<\/strong><\/td>\n<td width=\"491\">Lugar de La Solana. Hace referencia a que all\u00ed siempre hubo colmenas. Es lugar h\u00famedo con varias fuentes. Actualmente bosque de robles.<\/td>\n<\/tr>\n<tr>\n<td width=\"142\"><strong>Corrales Los &#8211; Las Casas<\/strong><\/td>\n<td width=\"491\">Tambi\u00e9n llamados Corrales de Arriba. En este lugar hab\u00eda del&nbsp; orden de 30 corrales de ganado. A\u00fan son evidentes los restos pues por abandono y posterior quema, quedan completamente arruinados. A su lado hab\u00eda un cercado de robles de buen porte y espinos, el llamado Bardal, donde a cielo abierto pernoctaban los reba\u00f1os de vacas u ovejas en buen tiempo. Una quema termin\u00f3 con todo a finales del pasado siglo. Lugar se\u00f1ero y tristemente dilapidado.<\/td>\n<\/tr>\n<tr>\n<td width=\"142\"><strong>Grandiella La<\/strong><\/td>\n<td width=\"491\">Lugar que desde las casas llega hasta el Canto de los Milanos. Proviene de <em>granda<\/em>: lugar de monte bajo y pedregoso, de baja calidad<\/td>\n<\/tr>\n<tr>\n<td width=\"142\"><strong>Laguniellas Las<\/strong><\/td>\n<td width=\"491\">Lugar de nacimiento del arroyo de Val de Rubios, en terrenos de San Pedro de Foncollada. Lugar h\u00famedo y con lagunas peque\u00f1as. En la parte de Yugueros hubo en tiempo fincas centenales<\/td>\n<\/tr>\n<tr>\n<td width=\"142\"><strong>Linares Las<\/strong><\/td>\n<td width=\"491\">Lugar a orillas del reguero donde se sembraba lino, al final de las tierras del Valle antes de llegar a Valderrubios. Por extensi\u00f3n, tierra de regad\u00edo, de mejor calidad.<\/td>\n<\/tr>\n<tr>\n<td width=\"142\"><strong>Mercadillo El<\/strong><\/td>\n<td width=\"491\">Diminutivo de mercado, del lat\u00edn <em>mercatus<\/em>: mercado. Lugar donde antiguamente se hac\u00eda un mercado y posiblemente donde se pagaban derechos de pontazgo al pasar por el puente que existe de tiempo inmemorial. Paso del Camino de Santiago Sub Cant\u00e1brico. Ruinas de un hospital de peregrinos bajo la advocaci\u00f3n de san Bernab\u00e9. Este mercado y ferias de ganado posteriormente se trasladaron a Sorriba y actualmente a Cistierna los d\u00edas 24 de los meses de invierno. Por este lugar los ganados de Yugueros ten\u00edan derechos de paso al agua del Esla (Derechos de aguaderas recogidos en las Ordenanzas). Moj\u00f3n se\u00f1ero.<\/td>\n<\/tr>\n<tr>\n<td width=\"142\"><strong>Pedreguera La<\/strong><\/td>\n<td width=\"491\">Laderas al sur hasta el arroyo Mercadillo. L\u00edmite con la raya de Sorriba por el este. Posiblemente hace menci\u00f3n a los muchos cantos que hay en la ladera. Bosque de robles.<\/td>\n<\/tr>\n<tr>\n<td width=\"142\"><strong>Prado Modino<\/strong><\/td>\n<td width=\"491\">Prados a orilla del Reguero del Valle ya en t\u00e9rmino de Modino.&nbsp; Posible referencia bra\u00f1as de Val de Branales.<\/td>\n<\/tr>\n<tr>\n<td width=\"142\"><strong>Ultacones Los<\/strong><\/td>\n<td width=\"491\">Hasta hace pocos a\u00f1os, y al lado del FF.CC. hab\u00eda una fuente arreglada con hormig\u00f3n donde se prove\u00edan de agua los peones de la v\u00eda del Ferrocarril.<\/td>\n<\/tr>\n<tr>\n<td width=\"142\"><strong>Val de Branales<\/strong><\/td>\n<td width=\"491\">Monte en la parte inferior del Valle, ya de Modino pero con pastos comunes con Yugueros. Hace referencia a la abundancia de bra\u00f1as o pastos de verano.<\/td>\n<\/tr>\n<tr>\n<td width=\"142\"><strong>Val de Guti\u00e9rrez<\/strong><\/td>\n<td width=\"491\">Valle m\u00e1s abajo del Colmenar y antes de la Pedreguera, con camino desde las cortes de arriba hasta el Valle que pasa por un puente por debajo del FF.CC. Referencia evidente a una persona de este apellido.<\/td>\n<\/tr>\n<tr>\n<td width=\"142\"><strong>Val de Rubios<\/strong><\/td>\n<td width=\"491\">Valle en el l\u00edmite entre Yugueros y Modino y en su cabecera con San Pedro de Foncollada. Del lat\u00edn: <em>rubeus<\/em>: rubio,&nbsp;&nbsp; de un colora amarillento, parecido al oro. Hace referencia al color rojizo de sus tierras, visible en las orillas del arroyo que lo recorre. En su confluencia con el arroyo del Mercadillo est\u00e1n las ruinas de un corte donde se recog\u00eda un reba\u00f1o&nbsp; de ovejas.<\/td>\n<\/tr>\n<tr>\n<td width=\"142\"><strong>Val de Rubios (Corte)<\/strong><\/td>\n<td width=\"491\">Antigua corte de ovejas en ruinas desde los a\u00f1os 1970<\/td>\n<\/tr>\n<tr>\n<td width=\"142\"><strong>Valle de R\u00edo Seco<\/strong><\/td>\n<td width=\"491\">Por este valle discurre el r\u00edo, m\u00e1s bien arroyo que en el Mercadillo desagua en el Esla. Con este nombre aparece en todos los documentos antiguos. Suele mantener algo caudal en verano s\u00f3lo de Las Linares hasta la desembocadura. El nombre m\u00e1s com\u00fan hoy es arroyo del Valle.<\/td>\n<\/tr>\n<tr>\n<td width=\"142\"><strong>Valleja Ant\u00f3n Garc\u00eda<\/strong><\/td>\n<td width=\"491\">Referencia evidente a una persona de este apellido.<\/td>\n<\/tr>\n<tr>\n<td width=\"142\"><strong>Valleja Cerezales Moratas<\/strong><\/td>\n<td width=\"491\">Vallejo que por la parte sur del Valle bajan a La Paredica. Brezos y eriales. Se refiere a un lugar donde hubo cerezos con cerezas de frutos negros<\/td>\n<\/tr>\n<tr>\n<td width=\"142\"><strong>Valleja la Casa<\/strong><\/td>\n<td width=\"491\">Vallecillo que desde los Las Casas o Corrales de Arriba cae hacia el norte.<\/td>\n<\/tr>\n<tr>\n<td width=\"142\"><strong>Variella La<\/strong><\/td>\n<td width=\"491\">T\u00e9rmino de dif\u00edcil origen, tal vez tenga algo que ver con vara o el referencias a dividir terrenos a partes iguales, medidos en varas, o con fincas estrechas y alargadas como varas. Por estos lugares hay referencias a antiguos cultivos de cereales, as\u00ed en Las Bozas (Bouzas), Los Pa\u00f1izales (Panizales) y La Variella. Actualmente no hay m\u00e1s que bosque de robles.<\/td>\n<\/tr>\n<\/tbody>\n<\/table>\n<p>&nbsp;<\/p>\n","protected":false},"excerpt":{"rendered":"<p>Zona 5 &#8211; EL MERCADILLO:&nbsp; Valle de R\u00edo Seco Avellanales (Corte) Este corral de ganado de formidable hechura estaba en la ladera de los Avellanales actualmente en ruinas. Se le conoc\u00eda como Corte de Fernando por su propietario. Avellanales Los Monte de robles. Todav\u00eda hay restos de cortes de ovejas. Una buena fuente debajo de &hellip; <a href=\"http:\/\/adr2.net\/wordpress\/?page_id=460\" class=\"more-link\">Sigue leyendo <span class=\"screen-reader-text\">El Mercadillo y La Pedreguera<\/span> <span class=\"meta-nav\">&rarr;<\/span><\/a><\/p>\n","protected":false},"author":1,"featured_media":0,"parent":435,"menu_order":34,"comment_status":"closed","ping_status":"closed","template":"","meta":{"footnotes":""},"class_list":["post-460","page","type-page","status-publish","hentry"],"_links":{"self":[{"href":"http:\/\/adr2.net\/wordpress\/index.php?rest_route=\/wp\/v2\/pages\/460","targetHints":{"allow":["GET"]}}],"collection":[{"href":"http:\/\/adr2.net\/wordpress\/index.php?rest_route=\/wp\/v2\/pages"}],"about":[{"href":"http:\/\/adr2.net\/wordpress\/index.php?rest_route=\/wp\/v2\/types\/page"}],"author":[{"embeddable":true,"href":"http:\/\/adr2.net\/wordpress\/index.php?rest_route=\/wp\/v2\/users\/1"}],"replies":[{"embeddable":true,"href":"http:\/\/adr2.net\/wordpress\/index.php?rest_route=%2Fwp%2Fv2%2Fcomments&post=460"}],"version-history":[{"count":4,"href":"http:\/\/adr2.net\/wordpress\/index.php?rest_route=\/wp\/v2\/pages\/460\/revisions"}],"predecessor-version":[{"id":748,"href":"http:\/\/adr2.net\/wordpress\/index.php?rest_route=\/wp\/v2\/pages\/460\/revisions\/748"}],"up":[{"embeddable":true,"href":"http:\/\/adr2.net\/wordpress\/index.php?rest_route=\/wp\/v2\/pages\/435"}],"wp:attachment":[{"href":"http:\/\/adr2.net\/wordpress\/index.php?rest_route=%2Fwp%2Fv2%2Fmedia&parent=460"}],"curies":[{"name":"wp","href":"https:\/\/api.w.org\/{rel}","templated":true}]}}