{"id":449,"date":"2017-07-30T23:15:26","date_gmt":"2017-07-30T21:15:26","guid":{"rendered":"http:\/\/adr2.net\/wordpress\/?page_id=449"},"modified":"2024-02-11T13:14:59","modified_gmt":"2024-02-11T11:14:59","slug":"la-cerra-oeste","status":"publish","type":"page","link":"http:\/\/adr2.net\/wordpress\/?page_id=449","title":{"rendered":"La Cerra Oeste: El Villar y Robledo"},"content":{"rendered":"<p><a href=\"http:\/\/adr2.net\/wordpress\/wp-content\/uploads\/2017\/07\/cerra_oeste.jpg\"><img loading=\"lazy\" decoding=\"async\" class=\"aligncenter size-full wp-image-450\" src=\"http:\/\/adr2.net\/wordpress\/wp-content\/uploads\/2017\/07\/cerra_oeste.jpg\" alt=\"cerra_oeste\" width=\"883\" height=\"632\" srcset=\"http:\/\/adr2.net\/wordpress\/wp-content\/uploads\/2017\/07\/cerra_oeste.jpg 883w, http:\/\/adr2.net\/wordpress\/wp-content\/uploads\/2017\/07\/cerra_oeste-300x215.jpg 300w, http:\/\/adr2.net\/wordpress\/wp-content\/uploads\/2017\/07\/cerra_oeste-768x550.jpg 768w\" sizes=\"auto, (max-width: 883px) 100vw, 883px\" \/><\/a><\/p>\n<table width=\"653\">\n<tbody>\n<tr>\n<td colspan=\"2\" width=\"653\"><strong>Zona 1 &#8211; LA CERRA OESTE: La Cerra, El Villar y Robledo<\/strong><\/td>\n<\/tr>\n<tr>\n<td width=\"152\"><\/td>\n<td width=\"501\"><\/td>\n<\/tr>\n<tr>\n<td width=\"152\"><strong>Alto del Villar<\/strong><\/td>\n<td width=\"501\">Punto elevado del Villar, punto intermedio entre Yugueros y Oceja. Colina alargada y redondeada.<\/td>\n<\/tr>\n<tr>\n<td width=\"152\"><strong>Barranco de Santa Mar\u00eda<\/strong><\/td>\n<td width=\"501\">Este es el lugar hasta donde llega el l\u00edmite de Yugueros con Oceja en la Sierra. Es punto de referencia en apeos con ca\u00edda abrupta del cordal hacia poniente.<\/td>\n<\/tr>\n<tr>\n<td width=\"152\"><strong>Barrera La<\/strong><\/td>\n<td width=\"501\">De barro. Lugar donde se exist\u00eda este material para adobes. Hab\u00eda fuentes en este lugar que suministrar\u00edan agua para este prop\u00f3sito.<\/td>\n<\/tr>\n<tr>\n<td width=\"152\"><strong>Calero El<\/strong><\/td>\n<td width=\"501\">Lugar donde se fabricar\u00eda antiguamente cal. Hasta hace pocos a\u00f1os todav\u00eda eran evidentes los restos. Hay piedra caliza y alguna referencia de utilizaci\u00f3n de cal y piedra de este lugar para obras en la Iglesia.<\/td>\n<\/tr>\n<tr>\n<td width=\"152\"><strong>Camino Hondo<\/strong><\/td>\n<td width=\"501\">Antiguamente aparece este lugar como La Requejada, de Requejo. Posiblemente del&nbsp; lat\u00edn <em>recessus<\/em>: se trata de lugar recogido, escondido,&nbsp; y sombr\u00edo en ciertas \u00e9pocas del a\u00f1o.<\/td>\n<\/tr>\n<tr>\n<td width=\"152\"><strong>Canal\u00f3n El<\/strong><\/td>\n<td width=\"501\">Aumentativo de canal de lat\u00edn <em>canalis<\/em>: conducto de agua. Por semejanza,&nbsp; hendidura c\u00f3ncava y longitudinal en una superficie.<\/td>\n<\/tr>\n<tr>\n<td width=\"152\"><strong>Cangas de Robledo<\/strong><\/td>\n<td width=\"501\">Canga, puede ser un derivado del lat\u00edn <em>cannam<\/em>: ca\u00f1a,&nbsp; con el significado garganta, valle vega, relacionado con \u2018ca\u00f1o\u2019. En este caso espacio entre sierras, prado o labrant\u00edo. En el lugar de Robledo, limitados por los serrones por encima de las fincas barriales.<\/td>\n<\/tr>\n<tr>\n<td width=\"152\"><strong>Cangones Los<\/strong><\/td>\n<td width=\"501\">Varias cangas peque\u00f1as<\/td>\n<\/tr>\n<tr>\n<td width=\"152\"><strong>Ca\u00f1o El<\/strong><\/td>\n<td width=\"501\">Del lat\u00edn <em>cannam<\/em>: ca\u00f1a. Lugar estrecho. Valle por donde corre un curso de agua.<\/td>\n<\/tr>\n<tr>\n<td width=\"152\"><strong>Capilla La<\/strong><\/td>\n<td width=\"501\">Tal vez hace referencia a una antigua capilla o humilladero en el camino a Oceja.<\/td>\n<\/tr>\n<tr>\n<td width=\"152\"><strong>Carcaval de los Helechos<\/strong><\/td>\n<td width=\"501\">De c\u00e1rcava: mini barranco que se produce en la ladera de una monta\u00f1a por efecto de las aguas. Poblado de helechos actualmente.<\/td>\n<\/tr>\n<tr>\n<td width=\"152\"><strong>Cerra La<\/strong><\/td>\n<td width=\"501\">De cerro. Del lat\u00edn <em>cirrus:<\/em> elevaci\u00f3n del terreno. En este caso, elevaci\u00f3n en forma de loma de mediana altura que recorre todo el norte del pueblo. En este lugar y en la ladera que mira a Yugueros existi\u00f3 un fil\u00f3n de mineral de hierro que se explot\u00f3 mientras hubo alto horno en Sabero y que es manifiesto en los hundimientos del terreno. Restos de caminos por donde con carros se transportaba el material a trav\u00e9s de Valdevuida hasta la ferrer\u00eda.<\/td>\n<\/tr>\n<tr>\n<td width=\"152\"><strong>Chopo El<\/strong><\/td>\n<td width=\"501\">Vallecillo entre las dos Cogollas con plantaciones de chopos o \u00e1lamos negros.<\/td>\n<\/tr>\n<tr>\n<td width=\"152\"><strong>Cogolla Grande<\/strong><\/td>\n<td width=\"501\">Del lat\u00edn <em>cuculla<\/em>: cerrillo, cima de monte. Remiten a ubicaciones en lugares altos y de car\u00e1cter defensivo, tal vez castros prerromanos. Hay dos Cogollas semejantes de diferente magnitud.<\/td>\n<\/tr>\n<tr>\n<td width=\"152\"><strong>Cogolla Peque\u00f1a<\/strong><\/td>\n<td width=\"501\">La menor de las Cogollas<\/td>\n<\/tr>\n<tr>\n<td width=\"152\"><strong>Corchos Los<\/strong><\/td>\n<td width=\"501\">Tal vez en referencia a cortezas de corcho u otro material con que se recog\u00edan las aguas de fuentes para que se mantuviesen limpias en el manantial. Por este lugar hay varias fuentes de las cuales se supone se aprovechaba agua. Hasta los a\u00f1os 60 del pasado siglo existi\u00f3 alguno.<\/td>\n<\/tr>\n<tr>\n<td width=\"152\"><strong>Cortinos Los<\/strong><\/td>\n<td width=\"501\">Relacionados con el derivado cortina, terreno labrant\u00edo dividido en muchas jiras. Tal vez diminutivo corte del&nbsp; lat\u00edn <em>cohortem<\/em>: corral, lugar cerrado para ganados o herramientas agr\u00edcolas\u2019 Este lugar est\u00e1 bastante deformado con el FF.CC. Si ahora es la parte norte del apeadero, tal vez antes fue m\u00e1s amplio y se pueden observar muros en la parte que en el l\u00edmite con el camino real que sube&nbsp; del Mercadillo y La Ercina. Antiguamente fue finca&nbsp; propiedad del Marqu\u00e9s de Astorga y repartido en <em>qui\u00f1ones<\/em> entre los&nbsp; vecinos .<\/td>\n<\/tr>\n<tr>\n<td width=\"152\"><strong>Cotica La<\/strong><\/td>\n<td width=\"501\">Diminutivo de cota, lat\u00edn: <em>quota<\/em>: cima de una elevaci\u00f3n del terreno.<\/td>\n<\/tr>\n<tr>\n<td width=\"152\"><strong>Cocurutos Los<\/strong><\/td>\n<td width=\"501\">Puede hacer relaci\u00f3n a la parte m\u00e1s alto de una monta\u00f1a. En este caso, La Majadica. Tambi\u00e9n se dice Los Cogurutos. Y coloquialmente tambi\u00e9n se dice <em>cocuruta<\/em> para una cima<\/td>\n<\/tr>\n<tr>\n<td width=\"152\"><strong>Cocurutos &#8211; Los&nbsp; Corral<\/strong><\/td>\n<td width=\"501\">En este lugar est\u00e1n las ruinas de un corral de ovejas. Punto ideal para pastorear por La Cerra y guardar el reba\u00f1o a dormir, parte techada y el resto en cercado abierto. Se arruin\u00f3 en los a\u00f1os 60 del siglo pasado.<\/td>\n<\/tr>\n<tr>\n<td width=\"152\"><strong>Gobia La<\/strong><\/td>\n<td width=\"501\">Tal vez sea una perversi\u00f3n&nbsp; de Bobia, de lat\u00edn <em>bos-bobis<\/em>: buey que se repite en la toponimia leonesa como lugar de pasto o paso de bueyes. Tambi\u00e9n puede hacer referencia a pastos altos o paso entre monta\u00f1as pero aqu\u00ed no es el caso.<\/td>\n<\/tr>\n<tr>\n<td width=\"152\"><strong>Hoz La<\/strong><\/td>\n<td width=\"501\">Del lat\u00edn <em>faux-faucis<\/em>: angostura de un valle profundo, abertura estrecha entre monta\u00f1as, desfiladero. Esta hoz es evidente y est\u00e1 en el camino de Oceja. Se llama tambi\u00e9n La Hoz, por extensi\u00f3n a las fincas que hay al poniente, hasta llegar a La Gobia. (Bobia).<\/td>\n<\/tr>\n<tr>\n<td width=\"152\"><strong>La Corona &#8211; Las Eras<\/strong><\/td>\n<td width=\"501\">Del lat\u00edn <em>corona<\/em>: Cima de una colina o de otra altura aislada. Rodeando esa Corona est\u00e1n Las Eras donde de trillaba el cereal. Tambi\u00e9n se dice Alto de la Corona, evidente redundancia y Tras de la Corona a la ladera sur. Pudo ser un castro prerromano, en la cima hay restos de muros, escondidos en los ribazos de las eras.<\/td>\n<\/tr>\n<tr>\n<td width=\"152\"><strong>Majadas las<\/strong><\/td>\n<td width=\"501\">Nombre derivado del lat\u00edn <em>mac\u016dla:<\/em> malla, red. Es el lugar donde se recoge de noche el ganado y se albergan los pastores. Hoy son tierras de labor abandonadas.<\/td>\n<\/tr>\n<tr>\n<td width=\"152\"><strong>Majadica<\/strong><\/td>\n<td width=\"501\">Diminutivo de majada. La \u00fanica majada de la que quedan evidencias es el corral de&nbsp; los Cocurutos en la parte superior de la colina.<\/td>\n<\/tr>\n<tr>\n<td width=\"152\"><strong>Mata Calleja<\/strong><\/td>\n<td width=\"501\">Posiblemente de lat\u00edn&nbsp; <em>matta<\/em>: lugar poblado de \u00e1rboles de la misma especie. Hace menci\u00f3n al lugar de paso de caminos y veredas.<\/td>\n<\/tr>\n<tr>\n<td width=\"152\"><strong>Mata Espesa La<\/strong><\/td>\n<td width=\"501\">Posiblemente de lat\u00edn&nbsp; <em>matta: <\/em>lugar poblado de \u00e1rboles de la misma especie, generalmente robles o encinas. Espeso hace menci\u00f3n a que los \u00e1rboles est\u00e1n muy juntos. Hoy apenas hay unos robles restos de lo que fue alg\u00fan d\u00eda. Posiblemente se desforest\u00f3 para apeas de las minas de hierro del mismo lugar.&nbsp; Hoy hay tierras de labor abandonadas y plantaci\u00f3n de pinos en la parte superior. Restos de escombreras y hundimientos de las minas.<\/td>\n<\/tr>\n<tr>\n<td width=\"152\"><strong>Monte Corral<\/strong><\/td>\n<td width=\"501\">Parte inferior de la Mata Espesa. Top\u00f3nimo moderno en referencia al Corral de los Cocurutos. Tierras de labor abandonadas.<\/td>\n<\/tr>\n<tr>\n<td width=\"152\"><strong>Pacedero El<\/strong><\/td>\n<td width=\"501\">Lugar donde previsiblemente pastaban los ganados que necesitaban un pasto especial, por estar paridas las vacas o convalecientes. Este lugar del Paso Cimero del FF.CC. Debi\u00f3 quedar muy modificado con la construcci\u00f3n de \u00e9ste.<\/td>\n<\/tr>\n<tr>\n<td width=\"152\"><strong>Palomar El<\/strong><\/td>\n<td width=\"501\">Lugar con palomares o abundancia de palomas.<\/td>\n<\/tr>\n<tr>\n<td width=\"152\"><strong>Paso El<\/strong><\/td>\n<td width=\"501\">Sitio por donde el FF.CC. se cruzaba en el camino de Yugueros a La Ercina. Es un top\u00f3nimo moderno. Se dice Paso Bajero y Paso Cimero en el cruce del FF.CC. Con el camino a Oceja.<\/td>\n<\/tr>\n<tr>\n<td width=\"152\"><strong>Pe\u00f1ica La <\/strong><\/td>\n<td width=\"501\">Referencia pe\u00f1a. Es una pe\u00f1a caliza situada al comienzo del valle.<\/td>\n<\/tr>\n<tr>\n<td width=\"152\"><strong>Posadero El<\/strong><\/td>\n<td width=\"501\">Del lat\u00edn <em>pausare<\/em>: detenerse. Posiblemente se refiera al lugar donde se recog\u00edan los pastores y reba\u00f1os. Tal vez sesteadero<\/td>\n<\/tr>\n<tr>\n<td width=\"152\"><strong>Prados de Val de Algar<\/strong><\/td>\n<td width=\"501\">Del lat\u00edn <em>pratum<\/em>: prado. Lugar donde se deja crecer la hierba para segar o pasto del ganado. Prado situado en Val de Algar, al este del pueblo. El Camino a Cistierna le separa del Prao de Cim&nbsp; (Prauc\u00edn)<\/td>\n<\/tr>\n<tr>\n<td width=\"152\"><strong>Rana La<\/strong><\/td>\n<td width=\"501\">Fuente. Este lugar est\u00e1 hoy muy cambiado y la fuente colmatada de lodo Antiguamente ten\u00eda un ca\u00f1o, lavadero y provisi\u00f3n de agua al barrio del Rebollo.<\/td>\n<\/tr>\n<tr>\n<td width=\"152\"><strong>Raya La<\/strong><\/td>\n<td width=\"501\">Aqu\u00ed raya menciona a un lindero de un de un terreno. Delimita el terreno propio de Yugueros y de La Ercina y Oceja.<\/td>\n<\/tr>\n<tr>\n<td width=\"152\"><strong>Rebollo El<\/strong><\/td>\n<td width=\"501\">Del lat\u00edn <em>repullus: <\/em>renuevo. Variedad de roble. Tal vez hubo en el lugar robles de los que hoy carece. Hay una fuente con ca\u00f1o.<\/td>\n<\/tr>\n<tr>\n<td width=\"152\"><strong>Reja La<\/strong><\/td>\n<td width=\"501\">Del lat\u00edn <em>regula<\/em>: barra de metal del arado que abre la tierra. Relacionado con el arado dar una reja es arar la tierra. Tal vez se refiera a tierras de labor en este lugar.<\/td>\n<\/tr>\n<tr>\n<td width=\"152\"><strong>Robledo<\/strong><\/td>\n<td width=\"501\">Lugar poblado de robles. Hoy no quedan ninguno, son tierras de labor y prados separados por el FF.CC. Lugar muy desfigurado por \u00e9ste.<\/td>\n<\/tr>\n<tr>\n<td width=\"152\"><strong>Salgredo<\/strong><\/td>\n<td width=\"501\">Posiblemente derivado de Salgueredo, sitio poblado por salgueras. Del lat\u00edn <em>salicaria, salix: <\/em>sauce. Este \u00e1rbol parece exclusivamente en humedales.&nbsp; Este valle tiene arroyo y fuentes que favorecer\u00edan su presencia.<\/td>\n<\/tr>\n<tr>\n<td width=\"152\"><strong>Serr\u00f3n Gajado<\/strong><\/td>\n<td width=\"501\">De sierra: serr\u00f3n, montes o pe\u00f1ascos cortados. Son dos pe\u00f1as <em>gajadas<\/em>: desgajadas, separadas una de la otra que hacen de moj\u00f3n con Oceja seg\u00fan apeos antiguos. Est\u00e1 a unos cien metros al oeste de la torreta actual en el cordal de la Cerra.<\/td>\n<\/tr>\n<tr>\n<td width=\"152\"><strong>Sierra La<\/strong><\/td>\n<td width=\"501\">Del lat\u00edn <em>serra<\/em>: sierra, cordillera de montes o pe\u00f1ascos cortados. Son estratos de piedra caliza que recorren el t\u00e9rmino de Yugueros desde el l\u00edmite oeste hasta el pueblo por el norte. Delimitan los barriales (tierra donde predomina el barro o arcillosos) y las cangas de Robledo, Tras de las Casas. Cantera de piedra caliza. Ver Cangas, Cangones.<\/td>\n<\/tr>\n<tr>\n<td width=\"152\"><strong>Tejera La<\/strong><\/td>\n<td width=\"501\">Lugar poblado de tejos. Del lat\u00edn <em>taxus<\/em>: tejo.&nbsp; Actualmente no queda ninguno. No tiene nada que ver con teja, elemento de cubiertas. Hay una fuente a orillas del arroyo.<\/td>\n<\/tr>\n<tr>\n<td width=\"152\"><strong>Tras de la Corona<\/strong><\/td>\n<td width=\"501\">Parte posterior de las eras, vistas desde el pueblo. Corona, <em>cor\u00f3n<\/em>, cima de una colina o de otra altura aislada. Fisonom\u00eda de castro prerromano.<\/td>\n<\/tr>\n<tr>\n<td width=\"152\"><strong>Tras de la Sierra<\/strong><\/td>\n<td width=\"501\">Ver Sierra. Al norte de esta sierra en la parte de los Cortinos.<\/td>\n<\/tr>\n<tr>\n<td width=\"152\"><strong>Tras de las Balsas<\/strong><\/td>\n<td width=\"501\">Tal vez de origen prerromano. Sauce, \u00e1rbol de madera muy ligera de f\u00e1cil flotabilidad.&nbsp; Com\u00fan en humedales. Hace menci\u00f3n a un lugar al norte de \u00e1rboles de esta especie.<\/td>\n<\/tr>\n<tr>\n<td width=\"152\"><strong>Tras de Las Casas<\/strong><\/td>\n<td width=\"501\">Lugar de barriales al norte de del pueblo actual y lim\u00edtrofe con \u00e9l. Un barrial es una tierra de labor con suelo arcilloso, de barro.<\/td>\n<\/tr>\n<tr>\n<td width=\"152\"><strong>Tras de Las Cogollas<\/strong><\/td>\n<td width=\"501\">Ver&nbsp; Cogollas. Detr\u00e1s de \u00e9stas, vistas desde el pueblo.<\/td>\n<\/tr>\n<tr>\n<td width=\"152\"><strong>Val de Algar<\/strong><\/td>\n<td width=\"501\">Del \u00e1rabe <em>algar<\/em>: cueva. Valle de la cueva, pero con el problema de identificar la cueva. Tal vez de refiera a la cueva de Val de Pumar o Pomar, y seg\u00fan esto este valle vendr\u00eda desde las estribaciones de la Cerra hasta el entronque del arroyo con El Valle en los Molinos con partes de \u00e1rboles y otras de prados.<\/td>\n<\/tr>\n<tr>\n<td width=\"152\"><strong>Val de Pumar<\/strong><\/td>\n<td width=\"501\">De lat\u00edn <em>pomum- poma<\/em>: lugar plantado de \u00e1rboles frutales, preferentemente manzanos. Puede referirse a manzanos silvestres<\/td>\n<\/tr>\n<tr>\n<td width=\"152\"><strong>Vallina de Los Gochos<\/strong><\/td>\n<td width=\"501\">Vallecillo&nbsp; que desde las Eras sale hacia Val de Algar. Tal vez haga menci\u00f3n a en este lugar se agrupaban los cerdos que sal\u00edan en <em>vecer\u00eda<\/em> o vecera, documentada \u00e9sta en las ordenanzas del Concejo. Gocho es el nombre por el que se conoce en&nbsp; leon\u00e9s al cerdo.<\/td>\n<\/tr>\n<tr>\n<td width=\"152\"><strong>Villar El<\/strong><\/td>\n<td width=\"501\">Se refiere a o poblamiento antiguo. Hay restos de aparentes contracciones, montones de piedras. Lugar lim\u00edtrofe con Oceja. En apeos aparece con frecuencia La Fuente del Villar como moj\u00f3n, hoy de dif\u00edcil localizaci\u00f3n.<\/td>\n<\/tr>\n<\/tbody>\n<\/table>\n","protected":false},"excerpt":{"rendered":"<p>Zona 1 &#8211; LA CERRA OESTE: La Cerra, El Villar y Robledo Alto del Villar Punto elevado del Villar, punto intermedio entre Yugueros y Oceja. Colina alargada y redondeada. Barranco de Santa Mar\u00eda Este es el lugar hasta donde llega el l\u00edmite de Yugueros con Oceja en la Sierra. Es punto de referencia en apeos &hellip; <a href=\"http:\/\/adr2.net\/wordpress\/?page_id=449\" class=\"more-link\">Sigue leyendo <span class=\"screen-reader-text\">La Cerra Oeste: El Villar y Robledo<\/span> <span class=\"meta-nav\">&rarr;<\/span><\/a><\/p>\n","protected":false},"author":1,"featured_media":0,"parent":435,"menu_order":31,"comment_status":"closed","ping_status":"closed","template":"","meta":{"footnotes":""},"class_list":["post-449","page","type-page","status-publish","hentry"],"_links":{"self":[{"href":"http:\/\/adr2.net\/wordpress\/index.php?rest_route=\/wp\/v2\/pages\/449","targetHints":{"allow":["GET"]}}],"collection":[{"href":"http:\/\/adr2.net\/wordpress\/index.php?rest_route=\/wp\/v2\/pages"}],"about":[{"href":"http:\/\/adr2.net\/wordpress\/index.php?rest_route=\/wp\/v2\/types\/page"}],"author":[{"embeddable":true,"href":"http:\/\/adr2.net\/wordpress\/index.php?rest_route=\/wp\/v2\/users\/1"}],"replies":[{"embeddable":true,"href":"http:\/\/adr2.net\/wordpress\/index.php?rest_route=%2Fwp%2Fv2%2Fcomments&post=449"}],"version-history":[{"count":4,"href":"http:\/\/adr2.net\/wordpress\/index.php?rest_route=\/wp\/v2\/pages\/449\/revisions"}],"predecessor-version":[{"id":745,"href":"http:\/\/adr2.net\/wordpress\/index.php?rest_route=\/wp\/v2\/pages\/449\/revisions\/745"}],"up":[{"embeddable":true,"href":"http:\/\/adr2.net\/wordpress\/index.php?rest_route=\/wp\/v2\/pages\/435"}],"wp:attachment":[{"href":"http:\/\/adr2.net\/wordpress\/index.php?rest_route=%2Fwp%2Fv2%2Fmedia&parent=449"}],"curies":[{"name":"wp","href":"https:\/\/api.w.org\/{rel}","templated":true}]}}