{"id":272,"date":"2015-01-26T20:43:39","date_gmt":"2015-01-26T18:43:39","guid":{"rendered":"http:\/\/adr2.net\/wordpress\/?page_id=272"},"modified":"2024-02-11T19:08:19","modified_gmt":"2024-02-11T17:08:19","slug":"xxx","status":"publish","type":"page","link":"http:\/\/adr2.net\/wordpress\/?page_id=272","title":{"rendered":"San Vicente de Yera: Un Coto Redondo"},"content":{"rendered":"<p style=\"text-align: justify;\"><span style=\"color: #000080;\">Se define un <strong>Coto Redondo<\/strong> como un conjunto de fincas r\u00fasticas colindantes o pr\u00f3ximas pertenecientes a un mismo due\u00f1o y bajo una misma jurisdicci\u00f3n. Atendiendo a esta definici\u00f3n el territorio conocido como <strong>San Vicente de Yera es un Coto Redondo<\/strong>.<\/span><\/p>\n<p style=\"text-align: justify;\"><span style=\"color: #000080;\">Seg\u00fan Apeos del a\u00f1o 1773 reconocidos por su propietario, el Marqu\u00e9s de Astorga, este Coto consta de dos territorios: <strong>Los Aciales y La Cuesta Santa Olaja<\/strong> que se identifican con la parte derecha e izquierda del arroyo Valdeyera respectivamente. Comienza el Apeo en la llamada fuente de la Sierra en Villella Bajera, continua por Valgranda y el camino bajo que lleva a los Corales de Yugueros por la Collada, La Grandiella hasta el Canto de los Milanos, vuelve al norte hasta el Hurraco hasta La Loma y comienzo de la Valleja Trasmara\u00f1a para bajar por \u00e9sta hasta el camino de Cistierna. Cambiando de respaldo, sube la divisoria canto arriba por la Cuesta Santa Olaja hasta el punto m\u00e1s alto que llaman Sierra Lustre, vuelta a poniente por la fuente y collado de Traspe\u00f1a, atalaya de Traspe\u00f1a donde actualmente hay instalado un moj\u00f3n geod\u00e9sico, el Estilledo y al punto m\u00e1s alto de la sierra que ahora se llama Alto del Torno y antes Pe\u00f1a Redonda, baja al sur a las arca de Valdelorrio y Valdevuida y por el canto de Valdegund\u00edn a la fuente de la Sierra, punto de partida. Esta fuente est\u00e1 actualmente tapada con los escombros de la nueva carretera y situada a orilla de los prados entre sauces. Otro deslinde de 1827 se reafirma en estos l\u00edmites.<\/span><\/p>\n<h6 style=\"text-align: center;\"><a href=\"http:\/\/adr2.net\/wordpress\/wp-content\/uploads\/2015\/04\/Arca.jpg\"><img loading=\"lazy\" decoding=\"async\" class=\"aligncenter size-full wp-image-341\" src=\"http:\/\/adr2.net\/wordpress\/wp-content\/uploads\/2015\/04\/Arca.jpg\" alt=\"Arca\" width=\"512\" height=\"384\" srcset=\"http:\/\/adr2.net\/wordpress\/wp-content\/uploads\/2015\/04\/Arca.jpg 512w, http:\/\/adr2.net\/wordpress\/wp-content\/uploads\/2015\/04\/Arca-300x225.jpg 300w\" sizes=\"auto, (max-width: 512px) 100vw, 512px\" \/><\/a><em>Arca en lo m\u00e1s alto de Sierra Lustre, l\u00edmite con Cistierna<\/em><\/h6>\n<p style=\"text-align: justify;\"><span style=\"color: #000080;\">Seg\u00fan la contestaci\u00f3n de Yugueros al Interrogatorio del Marqu\u00e9s de la Ensenada de 1752 se dice que &#8216;<em>el lugar aforado y despoblado de San Vicente de Yera est\u00e1 contiguo a este lugar de Yugueros e introducido en su com\u00fan y tiene medio cuarto de legua de oriente a poniente y de norte a mediod\u00eda un cuarto de legua y de circunferencia tres cuartos de legua y limita al norte con San Pedro de Valdesabero, al este con Cistierna y por las restantes aires con el privativo de este lugar de Yugueros<\/em>&#8216;. Hay un croquis en el margen del Interrogatorio con el t\u00e9rmino de San Vicente de Yera, su situaci\u00f3n relativa y sus l\u00edmites.<\/span><\/p>\n<h6 style=\"text-align: center;\"><a href=\"http:\/\/adr2.net\/wordpress\/wp-content\/uploads\/2015\/04\/C_S_Olaja.jpg\"><img loading=\"lazy\" decoding=\"async\" class=\"aligncenter size-full wp-image-340\" src=\"http:\/\/adr2.net\/wordpress\/wp-content\/uploads\/2015\/04\/C_S_Olaja.jpg\" alt=\"C_S_Olaja\" width=\"622\" height=\"341\" srcset=\"http:\/\/adr2.net\/wordpress\/wp-content\/uploads\/2015\/04\/C_S_Olaja.jpg 622w, http:\/\/adr2.net\/wordpress\/wp-content\/uploads\/2015\/04\/C_S_Olaja-300x164.jpg 300w\" sizes=\"auto, (max-width: 622px) 100vw, 622px\" \/><\/a><em>L\u00ednea norte del Coto Redondo con las tres Atalayas<\/em><\/h6>\n<p style=\"text-align: justify;\"><span style=\"color: #000080;\">Que en el Coto Redondo hubo un poblamiento es evidente por las ruinas en la cota llamada actualmente Los Casares. Visto desde el aire aparecen terrazas que rodean el lugar casi circularmente que hipot\u00e9ticamente recuerdan a un castro. Contiguo al sur del lugar y m\u00e1s metido en el monte, actualmente Los Campos, hay una fuente y terrazas que presumiblemente son antiguas eras y huertos. Todo esto no puede ser m\u00e1s que un asentamiento hoy despoblado. No hay restos de iglesia o enterramientos evidentes. Este lugar domina estrat\u00e9gicamente el valle de Valdeyera con el arroyo a sus pies. S\u00ed hay enterramientos en lo que hoy llamamos la Cuesta de Santa Olaja o El Perdig\u00f3n, dentro y fuera de un recinto presumiblemente una ermita en terrenos del Coto y que parcialmente alguien ha escavado. \u00bfEstuvo esta ermita dedicada a San Vicente, a Santa Olaja como sospechosamente se llama el lugar o a San Andr\u00e9s de Yesa como pretende alguien desde Cistierna? Me inclino por Santa Olaja ya que si hubo poblado y tuvo cierta entidad, la iglesia parroquial debi\u00f3 estar en Los Casares y no en la cuesta del respaldo a la otra parte del valle, arroyo por medio y un desnivel de cien metros del arroyo con relaci\u00f3n a los citados dos puntos: ermita y solar del despoblado. En los Fondos Beneficiales del Archivo del Obispado de Le\u00f3n hay abundante informaci\u00f3n sobre el citado Beneficio y sus poseedores pero no se describe el solar donde estuvo San Vicente de Yera tal y como dir\u00e9 en otro apartado a ello dedicado. Otro lugar que ofrece restos de muros y la toponimia lo delata en los Murios en el canto entre los arroyos de Los Llamargos y del Perdig\u00f3n. \u00bfRestos de casas, \u2026cortijos para el ganado?<\/span><\/p>\n<p style=\"text-align: justify;\"><span style=\"color: #000080;\">Top\u00f3nimos del Coto aparte los ya citados, son los arroyos de Valdegund\u00edn, de los Llamargos, y del Perdig\u00f3n, Valdelorrio y el Helechal con su fuente en la parte izquierda del valle o gen\u00e9ricamente de Santa Olaja. Y en derecha, gen\u00e9ricamente los Aciales, est\u00e1n Valgranda, los Cabenes, la Mortera, la Reguera Silvestre, los Campos con su fuente, Lutero, Valdeladrones con sus tierras trigales, la Loma con restos de muros, el Hurraco con su fuente, la Valleja de la Casa, la Grandiella y el Canto de los Milanos. A se\u00f1alar que en todo el t\u00e9rmino de los Cabenes y la Mortera se encuentran, y m\u00e1s antes que se araba la tierra, restos de cer\u00e1mica gris\/negra de vasijas, algunos trozos con restos de dibujos. Igualmente es curioso el top\u00f3nimo los Aciales. A\u00fan hoy en pueblos de la monta\u00f1a del Esla y Cea a los acebos llaman aceos y consecuentemente a un bosque de acebos un acial. \u00bfHubo acebos el este monte? Muy probable por su orientaci\u00f3n al norte y sus vallejas sombr\u00edas y h\u00famedas ideales para la proliferaci\u00f3n de este tipo de \u00e1rboles de hoja perenne, muy usados antiguamente para curtido de pieles.<\/span><\/p>\n<h6 style=\"text-align: center;\"><a href=\"http:\/\/adr2.net\/wordpress\/wp-content\/uploads\/2015\/04\/Casares1.jpg\"><img loading=\"lazy\" decoding=\"async\" class=\"aligncenter size-full wp-image-336\" src=\"http:\/\/adr2.net\/wordpress\/wp-content\/uploads\/2015\/04\/Casares1.jpg\" alt=\"Casares1\" width=\"509\" height=\"354\" srcset=\"http:\/\/adr2.net\/wordpress\/wp-content\/uploads\/2015\/04\/Casares1.jpg 509w, http:\/\/adr2.net\/wordpress\/wp-content\/uploads\/2015\/04\/Casares1-300x209.jpg 300w\" sizes=\"auto, (max-width: 509px) 100vw, 509px\" \/><\/a><em>Los Casares cuando a\u00fan hab\u00eda negrillos entre los restos de casas.<\/em><\/h6>\n<p style=\"text-align: justify;\"><span style=\"color: #000080;\">\u00bfCu\u00e1ndo se despobl\u00f3 el Lugar? Pues no se sabe a\u00fan. S\u00f3lo se sabe que en 1669 Yugueros ya pose\u00eda los derechos de <strong><em>Foro Perpetuo<\/em><\/strong> sobre el Coto desde tiempo inmemorial y as\u00ed se dice y reconoce en un pleito por temas de pastos y vacas de Cistierna que entran en el coto y Yugueros pide compensaci\u00f3n por da\u00f1os. Y se reconoce que la jurisdicci\u00f3n es del Marqu\u00e9s de Astorga y Conde da Altamira. Quiz\u00e1s sus \u00faltimos moradores se fueron para Yugueros y debido a ello Yugueros consigui\u00f3 derechos de foro perpetuo. Los libros de bautizados de Yugueros no hacen menci\u00f3n a personas originarias de San Vicente de Yera y s\u00ed dicen que las tomas de posesi\u00f3n de los Beneficiados del Beneficio Eclesi\u00e1stico de este lugar se hac\u00edan en Yugueros ante el Regidor y el P\u00e1rroco Rector y los poseedores del citado Beneficio siempre eran cl\u00e9rigos de ordenes menores.<\/span><\/p>\n<p style=\"text-align: justify;\"><span style=\"color: #000080;\">Aunque Yugueros siempre hizo presencia en la entrega de las rentas a pagar por los derechos de foro en Bo\u00f1ar donde resid\u00eda un mayordomo de la Casa de Astorga, a principios del siglo pasado no se hac\u00edan efectivas las rentas en grano y dinero por no presencia de la parte acreedora. Parece que el Coto se intento vender o fue reclamado por personas no ajenas a Cistierna que alegaban derechos de propiedad y a Yugueros no le qued\u00f3 m\u00e1s remedio que pleitear llegando hasta la Audiencia de Valladolid para que se reconocieran sus derechos y posesi\u00f3n plena por dejaci\u00f3n de anteriores propietarios.<\/span><\/p>\n<p style=\"text-align: justify;\"><span style=\"color: #000080;\">Y ahora viene la pregunta clave: \u00bfDe qui\u00e9n es hoy el Coto? Pues aparentemente, es monte del Estado o de la Junta de CyL. Vamos, p\u00fablico. Si es as\u00ed, Yugueros, por desidia o por lo que sea ha perdido la plena propiedad del Coto que hoy podr\u00eda tener un valor considerable aunque hubiese que pagar impuestos por ello. Y alguien se lucra de ello a cambio de nada.<\/span><\/p>\n<p style=\"text-align: right;\"><span style=\"color: #000080;\">A. Del R\u00edo<\/span><\/p>\n","protected":false},"excerpt":{"rendered":"<p>Se define un Coto Redondo como un conjunto de fincas r\u00fasticas colindantes o pr\u00f3ximas pertenecientes a un mismo due\u00f1o y bajo una misma jurisdicci\u00f3n. Atendiendo a esta definici\u00f3n el territorio conocido como San Vicente de Yera es un Coto Redondo. Seg\u00fan Apeos del a\u00f1o 1773 reconocidos por su propietario, el Marqu\u00e9s de Astorga, este Coto &hellip; <a href=\"http:\/\/adr2.net\/wordpress\/?page_id=272\" class=\"more-link\">Sigue leyendo <span class=\"screen-reader-text\">San Vicente de Yera: Un Coto Redondo<\/span> <span class=\"meta-nav\">&rarr;<\/span><\/a><\/p>\n","protected":false},"author":1,"featured_media":0,"parent":269,"menu_order":40,"comment_status":"open","ping_status":"open","template":"","meta":{"footnotes":""},"class_list":["post-272","page","type-page","status-publish","hentry"],"_links":{"self":[{"href":"http:\/\/adr2.net\/wordpress\/index.php?rest_route=\/wp\/v2\/pages\/272","targetHints":{"allow":["GET"]}}],"collection":[{"href":"http:\/\/adr2.net\/wordpress\/index.php?rest_route=\/wp\/v2\/pages"}],"about":[{"href":"http:\/\/adr2.net\/wordpress\/index.php?rest_route=\/wp\/v2\/types\/page"}],"author":[{"embeddable":true,"href":"http:\/\/adr2.net\/wordpress\/index.php?rest_route=\/wp\/v2\/users\/1"}],"replies":[{"embeddable":true,"href":"http:\/\/adr2.net\/wordpress\/index.php?rest_route=%2Fwp%2Fv2%2Fcomments&post=272"}],"version-history":[{"count":12,"href":"http:\/\/adr2.net\/wordpress\/index.php?rest_route=\/wp\/v2\/pages\/272\/revisions"}],"predecessor-version":[{"id":756,"href":"http:\/\/adr2.net\/wordpress\/index.php?rest_route=\/wp\/v2\/pages\/272\/revisions\/756"}],"up":[{"embeddable":true,"href":"http:\/\/adr2.net\/wordpress\/index.php?rest_route=\/wp\/v2\/pages\/269"}],"wp:attachment":[{"href":"http:\/\/adr2.net\/wordpress\/index.php?rest_route=%2Fwp%2Fv2%2Fmedia&parent=272"}],"curies":[{"name":"wp","href":"https:\/\/api.w.org\/{rel}","templated":true}]}}