{"id":269,"date":"2015-01-26T20:34:10","date_gmt":"2015-01-26T18:34:10","guid":{"rendered":"http:\/\/adr2.net\/wordpress\/?page_id=269"},"modified":"2024-02-12T18:50:04","modified_gmt":"2024-02-12T16:50:04","slug":"xxx-2","status":"publish","type":"page","link":"http:\/\/adr2.net\/wordpress\/?page_id=269","title":{"rendered":"San Vicente de Yera"},"content":{"rendered":"\n<p><\/p>\n\n\n\n<ul class=\"wp-block-list\">\n<li><a href=\"https:\/\/adr2.net\/wordpress\/?page_id=272\" data-type=\"page\" data-id=\"272\">Un Coto Redondo<\/a>.<\/li>\n\n\n\n<li><a href=\"https:\/\/adr2.net\/wordpress\/?page_id=279\" data-type=\"page\" data-id=\"279\">Un Foro Perpetuo<\/a>.<\/li>\n\n\n\n<li><a href=\"https:\/\/adr2.net\/wordpress\/?page_id=281\" data-type=\"page\" data-id=\"281\">Un Beneficio Eclesi\u00e1stico<\/a>.<\/li>\n\n\n\n<li><a href=\"https:\/\/adr2.net\/wordpress\/?page_id=312\" data-type=\"page\" data-id=\"312\">Un Beneficiario para su ermita<\/a>.<\/li>\n<\/ul>\n\n\n\n<p><\/p>\n\n\n<h4><span style=\"color: #333300;\">Tres Santos para Valdeyera.<\/span><\/h4>\n<p><span style=\"color: #333300;\">San Vicente de Yera, Santa Olaja y San Andr\u00e9s de Yesa. Estos dos santos y una santa aparecen regularmente en documentos relacionados con este valle de Valdeyera: San Vicente de Yera como despoblado y como beneficio eclesi\u00e1stico, Santa Olaja como top\u00f3nimo y como parte de la denominaci\u00f3n del Coto Redondo, y San Andr\u00e9s de Yesa como despoblado que nadie sabe a ciencia cierta donde estuvo y perdido en difusas memorias.<\/span><\/p>\n<p style=\"text-align: justify;\"><span style=\"color: #333300;\"><strong>San Vicente de Yera<\/strong>, sin que se pueda asegurar donde estuvo ciertamente con documentos, esta un\u00e1nimemente reconocido en lo que hoy son Los Casares: Montones de piedras y recintos cerrados por muros derruidos en una cota en la ladera norte que se asoma al fondo del Valle y con una vista a\u00e9rea que asemeja a un castro con taludes en formaci\u00f3n conc\u00e9ntrica todo ello formando parte de lo que hoy llamamos Los Campos y m\u00e1s extensamente, los Aciales. Una fuente, la de Los Campos y a su lado taludes y formaciones aparentemente eras o huertos, dibujan un escenario inequ\u00edvocamente de un despoblado. No hay restos aparentes de iglesia o enterramientos en este lugar. Tierras de labor en El Lutero, los Cabenes y m\u00e1s arriba Val de Ladrones no faltan. Ya en el respaldo norte del Valle y enfrente de Los Casares hay unos montones de piedras en otro otero, llamado Los Murios, a tener en cuenta por este delatador top\u00f3nimo. Por los documentos que he podido revisar hasta ahora, posterior a 1570, no lo definen como entidad o poblado: se evidencia un propietario, los marqueses de Astorga y un Foro perpetuo a favor del pueblo de Yugueros con unas condiciones claramente establecidas en los sucesivos reconocimientos del Foro. <\/span><\/p>\n<h6 style=\"text-align: center;\"><span style=\"color: #333300;\"><a style=\"color: #333300;\" href=\"http:\/\/adr2.net\/wordpress\/wp-content\/uploads\/2015\/04\/Casares2.jpg\"><img loading=\"lazy\" decoding=\"async\" class=\"aligncenter size-full wp-image-337\" src=\"http:\/\/adr2.net\/wordpress\/wp-content\/uploads\/2015\/04\/Casares2.jpg\" alt=\"Casares2\" width=\"622\" height=\"398\" srcset=\"http:\/\/adr2.net\/wordpress\/wp-content\/uploads\/2015\/04\/Casares2.jpg 622w, http:\/\/adr2.net\/wordpress\/wp-content\/uploads\/2015\/04\/Casares2-300x192.jpg 300w\" sizes=\"auto, (max-width: 622px) 100vw, 622px\" \/><\/a><\/span><\/h6>\n<h6 style=\"text-align: center;\"><em>Los Casares, solar que la memoria hist\u00f3rica atribuye a San Vicente de Yera.<\/em><\/h6>\n<p style=\"text-align: justify;\"><span style=\"color: #333300;\">Las tomas de posesi\u00f3n de los sucesivos titulares del Beneficio Simple Servidero se hac\u00edan en Yugueros y se nombraban por el Obispo de Le\u00f3n a propuesta del Marqu\u00e9s de Astorga coet\u00e1neo. No se cita parroquia ni iglesia, s\u00f3lo una deslocalizada ermita, ni nacimientos ni residentes ni enterramientos. Pero evidentemente antes de esta fecha los hubo. Si eran los residentes meros siervos de un Se\u00f1or feudal o caseros que cuidaban del Coto temporalmente, no se sabe de momento. Si a partir del siglo XV alguien residi\u00f3 all\u00ed, fue estacionalmente o como pastor temporal y siempre parroquiano de Yugueros.<br \/><\/span><\/p>\n<h6 style=\"text-align: center;\"><span style=\"color: #333300;\"><strong><a style=\"color: #333300;\" href=\"http:\/\/adr2.net\/wordpress\/wp-content\/uploads\/2015\/01\/Valdeyera-copia.jpg\"><img loading=\"lazy\" decoding=\"async\" class=\"aligncenter size-full wp-image-296\" src=\"http:\/\/adr2.net\/wordpress\/wp-content\/uploads\/2015\/01\/Valdeyera-copia.jpg\" alt=\"Valdeyera copia\" width=\"1024\" height=\"499\" srcset=\"http:\/\/adr2.net\/wordpress\/wp-content\/uploads\/2015\/01\/Valdeyera-copia.jpg 1024w, http:\/\/adr2.net\/wordpress\/wp-content\/uploads\/2015\/01\/Valdeyera-copia-300x146.jpg 300w\" sizes=\"auto, (max-width: 1024px) 100vw, 1024px\" \/><\/a><\/strong><em>Vista de Valdeyera desde La Cerra, desde el noroeste. A la derecha queda Yugueros y a la izquierda Cistierna, que no se ven.<\/em><\/span><\/h6>\n<p style=\"text-align: justify;\"><span style=\"color: #333300;\">En el respaldo norte del Valle en lo que siempre en Yugueros se llama La Cuesta de <strong>Santa Olaja<\/strong> si hay unas ruinas y un recinto y enterramientos tanto dentro como fuera. Est\u00e1 casi al l\u00edmite con el monte de Cistierna y en Yugueros siempre se llam\u00f3 la iglesia del Perdig\u00f3n con unas sepulturas manifiestas en unos recintos delimitados por losas y restos \u00f3seos. En a\u00f1os recientes alguien ha escavado en este lugar y documentado lo que todo el mundo ya sab\u00eda y descubierto enterramientos que tambi\u00e9n todo el mundo sab\u00eda. Por lo menos en Yugueros. Y sin m\u00e1s pruebas manifiestas se asigna esta ermita a san Andr\u00e9s de Yesa, de Yera o san Andr\u00e9s a secas. Por la situaci\u00f3n del solar de la ermita no parece que fuese la iglesia parroquial de san Vicente de Yera, situado al otro lado del valle un desnivel del r\u00edo por medio de aproximadamente cien metros. Mas bien conjeturo que pudo ser lugar de un eremita, santero y refugio de pastores de este monte donde regularmente se celebraban Romer\u00edas en honor del santo y donde los devotos ped\u00edan ser enterrados al final de sus d\u00edas; el lugar no da para m\u00e1s. Y curiosamente este monte no es otro que la Cuesta de Santa Olaja, en Yugueros lo saben bien aun hoy. \u00bfBajo qu\u00e9 advocaci\u00f3n pudo estar esta ermita? Lo m\u00e1s l\u00f3gico: santa Olaja, santa de mucho predicamento en estas tierras como lo atestiguan los pueblos de Santa Olaja de la Varga y Santa Olaja de la Aci\u00f3n (Ce\u00f3n).<\/span><\/p>\n<p style=\"text-align: justify;\"><span style=\"color: #333300;\">\u00a0Y por \u00faltimo, san <strong>Andr\u00e9s de Yesa<\/strong> o Yera. \u00bfEs Yesa y Yera lo mismo? Que nos lo digan los de Cistierna. Y tambi\u00e9n digo que no hay pruebas fehacientes de donde estuvo este presunto despoblado. Lo \u00fanico claro en la toponimia es el arroyo de San Andr\u00e9s, la parte del arroyo de Valdeyera en el t\u00e9rmino de Cistierna o el cauce sin agua o vallecito que baja de la vertiente norte del Valle ya en Cistierna. Pudo haber un poblado hoy despoblado en lo que hoy es el Campo Mateo, al lado derecho del Esla donde confluye el arroyo Valdeyera y el puente del ferrocarril. All\u00ed hay actualmente casas y hab\u00eda construcciones para ganado. Esta zona ha quedado muy desfigurada cuando se hizo la carretera de Yugueros a Cistierna en a\u00f1os pasados pr\u00f3ximos. No se han encontrado, que yo sepa, ni ermita ni enterramientos en este lugar pero l\u00f3gicamente este despoblado necesitar\u00eda un santo ya que la antigua Cistierna queda bastante lejos, al otro lado del r\u00edo y a la vera de Pe\u00f1acorada.<\/span><\/p>\n<h6 style=\"text-align: center;\"><em><span style=\"color: #333300;\"><a style=\"color: #333300;\" href=\"http:\/\/adr2.net\/wordpress\/wp-content\/uploads\/2015\/01\/Ermita2.jpg\"><img loading=\"lazy\" decoding=\"async\" class=\"aligncenter size-full wp-image-343\" src=\"http:\/\/adr2.net\/wordpress\/wp-content\/uploads\/2015\/01\/Ermita2.jpg\" alt=\"Ermita2\" width=\"622\" height=\"355\" srcset=\"http:\/\/adr2.net\/wordpress\/wp-content\/uploads\/2015\/01\/Ermita2.jpg 622w, http:\/\/adr2.net\/wordpress\/wp-content\/uploads\/2015\/01\/Ermita2-300x171.jpg 300w\" sizes=\"auto, (max-width: 622px) 100vw, 622px\" \/><\/a><\/span><\/em><\/h6>\n<h6 style=\"text-align: center;\"><em><span style=\"color: #333300;\">Solar de la Iglesia del Perdig\u00f3n con enterramientos interiores y exteriores a sus muros<\/span><\/em><\/h6>\n<p style=\"text-align: justify;\"><span style=\"color: #333300;\">En pr\u00f3ximas entradas escribir\u00e9 sobre la Geograf\u00eda y Apeos del Coto Redondo llamado de los Aciales y Santa Olaja y de la Toponimia del lugar, muy sugerente; de la Propiedad y Jurisdicci\u00f3n del Coto y del Beneficio Eclesi\u00e1stico y nombramiento de cl\u00e9rigos de menores como Beneficiados. Por \u00faltimo intentar\u00e9 sacar algunas conclusiones de todo ello. Os aseguro que no dar\u00e9 ning\u00fan dato que no est\u00e9 debidamente documentado.<\/span><\/p>\n<p style=\"text-align: right;\"><span style=\"color: #333300;\">A. Del R\u00edo<\/span><\/p>","protected":false},"excerpt":{"rendered":"<p>Tres Santos para Valdeyera. San Vicente de Yera, Santa Olaja y San Andr\u00e9s de Yesa. Estos dos santos y una santa aparecen regularmente en documentos relacionados con este valle de Valdeyera: San Vicente de Yera como despoblado y como beneficio eclesi\u00e1stico, Santa Olaja como top\u00f3nimo y como parte de la denominaci\u00f3n del Coto Redondo, y &hellip; <a href=\"http:\/\/adr2.net\/wordpress\/?page_id=269\" class=\"more-link\">Sigue leyendo <span class=\"screen-reader-text\">San Vicente de Yera<\/span> <span class=\"meta-nav\">&rarr;<\/span><\/a><\/p>\n","protected":false},"author":1,"featured_media":0,"parent":0,"menu_order":4,"comment_status":"open","ping_status":"open","template":"","meta":{"footnotes":""},"class_list":["post-269","page","type-page","status-publish","hentry"],"_links":{"self":[{"href":"http:\/\/adr2.net\/wordpress\/index.php?rest_route=\/wp\/v2\/pages\/269","targetHints":{"allow":["GET"]}}],"collection":[{"href":"http:\/\/adr2.net\/wordpress\/index.php?rest_route=\/wp\/v2\/pages"}],"about":[{"href":"http:\/\/adr2.net\/wordpress\/index.php?rest_route=\/wp\/v2\/types\/page"}],"author":[{"embeddable":true,"href":"http:\/\/adr2.net\/wordpress\/index.php?rest_route=\/wp\/v2\/users\/1"}],"replies":[{"embeddable":true,"href":"http:\/\/adr2.net\/wordpress\/index.php?rest_route=%2Fwp%2Fv2%2Fcomments&post=269"}],"version-history":[{"count":15,"href":"http:\/\/adr2.net\/wordpress\/index.php?rest_route=\/wp\/v2\/pages\/269\/revisions"}],"predecessor-version":[{"id":845,"href":"http:\/\/adr2.net\/wordpress\/index.php?rest_route=\/wp\/v2\/pages\/269\/revisions\/845"}],"wp:attachment":[{"href":"http:\/\/adr2.net\/wordpress\/index.php?rest_route=%2Fwp%2Fv2%2Fmedia&parent=269"}],"curies":[{"name":"wp","href":"https:\/\/api.w.org\/{rel}","templated":true}]}}