{"id":162,"date":"2014-10-20T11:44:09","date_gmt":"2014-10-20T09:44:09","guid":{"rendered":"http:\/\/adr2.net\/wordpress\/?page_id=162"},"modified":"2024-02-15T19:44:45","modified_gmt":"2024-02-15T17:44:45","slug":"los-libros-de-fabrica","status":"publish","type":"page","link":"http:\/\/adr2.net\/wordpress\/?page_id=162","title":{"rendered":"Archivo  Iglesia"},"content":{"rendered":"\n<p>El Archivo de la Iglesia est\u00e1 depositado en el Archivo Diocesano en el Obispado de Le\u00f3n al acceso de quien quiera consultarlos. Documenta nacimientos, defunciones, cuentas de la Parroquia, obras en la f\u00e1brica, visitas pastorales, cofrad\u00edas en la Parroquia de Yugueros desde el siglo XVI y todo lo referente al Fondo Beneficial de San Vicente de Yera.<\/p>\n\n\n\n<p>Se considera primeramente los datos referentes a ingresos, gastos parroquiales.  <\/p>\n\n\n\n<ul class=\"wp-block-list\">\n<li><a href=\"https:\/\/adr2.net\/wordpress\/?page_id=164\" data-type=\"page\" data-id=\"164\">La Contabilidad en los Libros de F\u00e1brica<\/a>.<\/li>\n\n\n\n<li><a href=\"https:\/\/adr2.net\/wordpress\/?page_id=172\" data-type=\"page\" data-id=\"172\">Rentas de la Iglesia<\/a>.<\/li>\n<\/ul>\n","protected":false},"excerpt":{"rendered":"<p>El Archivo de la Iglesia est\u00e1 depositado en el Archivo Diocesano en el Obispado de Le\u00f3n al acceso de quien quiera consultarlos. Documenta nacimientos, defunciones, cuentas de la Parroquia, obras en la f\u00e1brica, visitas pastorales, cofrad\u00edas en la Parroquia de Yugueros desde el siglo XVI y todo lo referente al Fondo Beneficial de San Vicente &hellip; <a href=\"http:\/\/adr2.net\/wordpress\/?page_id=162\" class=\"more-link\">Sigue leyendo <span class=\"screen-reader-text\">Archivo  Iglesia<\/span> <span class=\"meta-nav\">&rarr;<\/span><\/a><\/p>\n","protected":false},"author":1,"featured_media":0,"parent":0,"menu_order":6,"comment_status":"closed","ping_status":"open","template":"","meta":{"footnotes":""},"class_list":["post-162","page","type-page","status-publish","hentry"],"_links":{"self":[{"href":"http:\/\/adr2.net\/wordpress\/index.php?rest_route=\/wp\/v2\/pages\/162","targetHints":{"allow":["GET"]}}],"collection":[{"href":"http:\/\/adr2.net\/wordpress\/index.php?rest_route=\/wp\/v2\/pages"}],"about":[{"href":"http:\/\/adr2.net\/wordpress\/index.php?rest_route=\/wp\/v2\/types\/page"}],"author":[{"embeddable":true,"href":"http:\/\/adr2.net\/wordpress\/index.php?rest_route=\/wp\/v2\/users\/1"}],"replies":[{"embeddable":true,"href":"http:\/\/adr2.net\/wordpress\/index.php?rest_route=%2Fwp%2Fv2%2Fcomments&post=162"}],"version-history":[{"count":5,"href":"http:\/\/adr2.net\/wordpress\/index.php?rest_route=\/wp\/v2\/pages\/162\/revisions"}],"predecessor-version":[{"id":849,"href":"http:\/\/adr2.net\/wordpress\/index.php?rest_route=\/wp\/v2\/pages\/162\/revisions\/849"}],"wp:attachment":[{"href":"http:\/\/adr2.net\/wordpress\/index.php?rest_route=%2Fwp%2Fv2%2Fmedia&parent=162"}],"curies":[{"name":"wp","href":"https:\/\/api.w.org\/{rel}","templated":true}]}}