{"id":159,"date":"2014-10-20T11:33:58","date_gmt":"2014-10-20T09:33:58","guid":{"rendered":"http:\/\/adr2.net\/wordpress\/?page_id=159"},"modified":"2024-02-11T19:22:33","modified_gmt":"2024-02-11T17:22:33","slug":"la-iglesia-2","status":"publish","type":"page","link":"http:\/\/adr2.net\/wordpress\/?page_id=159","title":{"rendered":"El edificio de la Iglesia"},"content":{"rendered":"<p>La iglesia se encuentra situada en un promontorio que domina pr\u00e1cticamente todo el pueblo lo mismo que el valle por donde antiguamente discurr\u00eda el camino que viene del Mercadillo hacia el Valdellorma. Consta de una sola nace, un presbiterio con su b\u00f3veda de crucer\u00eda y cuatro contrafuertes y una torre de planta rectangular y seis troneras. Tiene un portal abierto al mediod\u00eda sustentado por cinco columnas de piedra. La puerta de la iglesia es de medio punto.<\/p>\n<p><a href=\"http:\/\/adr2.net\/wordpress\/wp-content\/uploads\/2014\/10\/Yugueros_I08.jpg\"><img loading=\"lazy\" decoding=\"async\" class=\"aligncenter size-full wp-image-224\" src=\"http:\/\/adr2.net\/wordpress\/wp-content\/uploads\/2014\/10\/Yugueros_I08.jpg\" alt=\"Yugueros_I08\" width=\"337\" height=\"165\" srcset=\"http:\/\/adr2.net\/wordpress\/wp-content\/uploads\/2014\/10\/Yugueros_I08.jpg 337w, http:\/\/adr2.net\/wordpress\/wp-content\/uploads\/2014\/10\/Yugueros_I08-300x146.jpg 300w\" sizes=\"auto, (max-width: 337px) 100vw, 337px\" \/><\/a><\/p>\n<p>Tanto los dinteles de puertas y ventanas como las esquinas, y contrafuertes y cornisas son de piedra labrada provenientes de las canteras de Las Arrimadas mayormente. Los pa\u00f1os de muro son de canto proveniente de canteras de La Sierra &#8211; El Rebollo.<\/p>\n<p><a href=\"http:\/\/adr2.net\/wordpress\/wp-content\/uploads\/2014\/10\/Yugueros_I06.jpg\"><img loading=\"lazy\" decoding=\"async\" class=\"aligncenter size-full wp-image-223\" src=\"http:\/\/adr2.net\/wordpress\/wp-content\/uploads\/2014\/10\/Yugueros_I06.jpg\" alt=\"Yugueros_I06\" width=\"360\" height=\"252\" srcset=\"http:\/\/adr2.net\/wordpress\/wp-content\/uploads\/2014\/10\/Yugueros_I06.jpg 360w, http:\/\/adr2.net\/wordpress\/wp-content\/uploads\/2014\/10\/Yugueros_I06-300x210.jpg 300w\" sizes=\"auto, (max-width: 360px) 100vw, 360px\" \/><\/a><\/p>\n<p>\u00bfCu\u00e1ndo se construy\u00f3 esta iglesia? Hay una fecha de referencia, a\u00f1o 1553, que aparece en el retablo. Luego la nave y el presbiterio de la iglesia son anteriores y probablemente de principios del siglo XVI y en el a\u00f1o de 1574 hay documentaci\u00f3n sobre acopios de materiales como piedras de La Acisa y Barrillos, cal, le\u00f1a para el calero, agua, arena, piedra para paredes y calero y acarreos para la torre, todo indicios de que se inicia la obra de la torre. Tambi\u00e9n se hace referencia a un cargo de 13 reales por derruir el hastial de la torre vieja.<\/p>\n<p><a href=\"http:\/\/adr2.net\/wordpress\/wp-content\/uploads\/2014\/10\/Yugueros_I05.jpg\"><img loading=\"lazy\" decoding=\"async\" class=\"aligncenter size-full wp-image-222\" src=\"http:\/\/adr2.net\/wordpress\/wp-content\/uploads\/2014\/10\/Yugueros_I05.jpg\" alt=\"Yugueros_I05\" width=\"256\" height=\"179\" \/><\/a><br \/>\nTodo ello lleva a la siguiente conclusi\u00f3n: Dado la unidad de estilo de todos los elementos arquitect\u00f3nicos de la torre como presbiterio, nave, torre y sacrist\u00eda, el conjunto de la obra se hizo a lo largo del siglo XVI. Dedicar\u00e9 un apartado completo a la torre con fechas, presupuestos, costes, materiales, oficiales de alba\u00f1iler\u00eda y maestro de obras por disponer de datos documentales.<\/p>\n<p>Forma el presbiterio un cubo compacto m\u00e1s alto que el cuerpo de la iglesia reforzado con cuatro arrestos en sus esquinas para contrarrestar la b\u00f3veda de crucer\u00eda de bella factura como se muestra en la fotograf\u00eda. Un arco ligeramente apuntado cuya clave tiene labrada una fantasmal cara, aparentemente demon\u00edaca, se abre y comunica a la cabecera a la nave de la iglesia, apoyado en dos columnas laterales trilobuladas. Ventana con vidriera y arco de medio punto en el pa\u00f1o sur y en la parte norte puerta a la sacrist\u00eda. De 1573 hay un pago de 18 ducados\u00a0 a Gregorio Ferreras pintor de Le\u00f3n por una vidriera para la ventana de la iglesia y del alquiler del carro que la trajo. No pueder ser otra que la ventana del presbiterio y por el coste y el encargo al pintor debi\u00f3 ser una vidriera como lo entendemos hoy, con motivo en vidrio de colores agrisallados, a partir de un cart\u00f3n dise\u00f1ado por el pintor. Al retablo dedicar\u00e9 en art\u00edculo aparte.<\/p>\n<p><a href=\"http:\/\/adr2.net\/wordpress\/wp-content\/uploads\/2014\/10\/Yugueros-_I021.jpg\"><img loading=\"lazy\" decoding=\"async\" class=\"aligncenter size-full wp-image-221\" src=\"http:\/\/adr2.net\/wordpress\/wp-content\/uploads\/2014\/10\/Yugueros-_I021.jpg\" alt=\"Yugueros _I02\" width=\"1152\" height=\"768\" srcset=\"http:\/\/adr2.net\/wordpress\/wp-content\/uploads\/2014\/10\/Yugueros-_I021.jpg 1152w, http:\/\/adr2.net\/wordpress\/wp-content\/uploads\/2014\/10\/Yugueros-_I021-300x200.jpg 300w, http:\/\/adr2.net\/wordpress\/wp-content\/uploads\/2014\/10\/Yugueros-_I021-1024x682.jpg 1024w\" sizes=\"auto, (max-width: 1152px) 100vw, 1152px\" \/><\/a><\/p>\n<p>La primera referencia a la sacrist\u00eda es de 1583 cuando el Obispo D. Juan de Trujillo en su visita pastoral ordena que la sacrist\u00eda se haga a oriente porque tenga la luz que conviene y para ello se levante la ventana de la capilla mayor lo que fuese necesario y que vaya de estribo a estribo y de hueco 14 pies de extremo a extremo y para reparo de tempestades y del sol conviene se haga un portal desde dicha sacrist\u00eda hasta la torre por delante de la puerta. Y ya en 1588 traen los vecinos 23 carros de piedra de mamposter\u00eda para sus muros desde el Rebollo por 4.000 maraved\u00eds y 11 reales por m\u00e1s piedra, arena y agua. Para arco y puerta la piedra es de las Arrimadas se gastan 36 reales. Se trae madera del monte por 24 reales y 3 por dolarla y al oficial de canteros Francisco V\u00e9lez se le pagan 15.000 maraved\u00eds y 300 al escribano. Tambi\u00e9n se trae cal por 11 reales del calero del Villar se\u00f1al de que en este t\u00e9rmino hab\u00eda un calero. Al a\u00f1o siguiente se compran y traen maderas de pino de Valderrueda y vigones de Villapadierna herrajes para el tejado y puerta y cerradura para la puerta. Se pagan por posada de carpinteros y canteros 22 reales en casa de Juan de Curue\u00f1o, y se acaba de pagar al maestro Francisco V\u00e9lez.<br \/>\nLa nave de la iglesia debi\u00f3 de estar inicialmente de tierra pues hay frecuentes apuntes sobre limpiar y allanar la iglesia, pues en su suelo hab\u00eda enterramientos que se hac\u00edan seg\u00fan consta. Los dos altares laterales, de la Virgen del Rosario y de Santa \u00c1gueda se debieron hacer con la nave hay referencias a tarimas para ellos. Hay referencia a compras de yeso y ladrillos para la b\u00f3veda de la iglesia de 1833 que es cuando se hizo la que actualmente cubre la nave, b\u00f3veda de medio punto separada en tres tramos por falsas columnas. Hay pagos por yeso, ladrillo, sogas, adobes, madera, carpinteros, alba\u00f1iles y maestro de obras. Anteriormente la iglesia ten\u00eda las vigas y el tablaz\u00f3n del tejado vistos y ello se deduce de que el cumbre, tercias y pares conservan restos de molduras talladas y pintura. Por los a\u00f1os 1835, y siguientes se entarima la nave y la sacrist\u00eda con madera de roble procedente de Montoto.<\/p>\n<p>En 1637 se inician las obras del portal. Aparecen los siguientes apuntes: Se paga a Francisco de la Fuente por sacar las columnas para el portal de la iglesia 782 mrs. 1.150 reales que se pag\u00f3 a Juan de Padoya por la obra del portal en que entra madera y carpinter\u00eda. 389 reales que cost\u00f3 la obra de carpinter\u00eda del portal y sacar las columnas excepto el porte. 72 reales que cost\u00f3 el porte de cinco columnas para el portal, dos a 18 reales y tres a 12 reales que hacen de suma. 32 reales pagados a Roque de Noriega por labrar madera. Se hace en estos a\u00f1os la obra del portal. En 1639 se gastan asimismo 1546 maraved\u00eds en tejas, 1.150 reales de madera y carpintero para el portal y 369 reales de obra de canter\u00eda y columnas del portal. Hay asimismo obras en el portal en los a\u00f1os 1666 y 1667 con gastos en piedra, agua, arena, vigas, tablas, pagos a canteros, piedra de las Bodas, aderezos, acarreos, clavaz\u00f3n. De 1667 es la ventana del portal que mira al oeste con una leyenda que se reproduce siendo cura D. Mart\u00edn Rodr\u00edguez y vicario de Valdesabero D. Canseco de Capa, cura de Calaveras de Arriba. Ya en el a\u00f1o 1837 se hizo el empedrado y asientos del portal. En el siglo pasado se hizo una obra de reparaci\u00f3n de su techumbre y retejado.<\/p>\n<p>En 1659 hay una visita pastoral de Diego de Lupia, arcipreste de los Oteros en nombre del obispo que hace la siguiente objeci\u00f3n y mandato: Considerando la indecencia en que est\u00e1n los huesos de los difuntos de esta iglesia, que de la panera que hoy es h\u00fameda y est\u00e1 a la parte norte, se haga un osario donde se lleven los huesos de los difuntos y la panera se rehaga en la parte del mediod\u00eda bien debajo de la vidriera despu\u00e9s del p\u00f3rtico sin que quite luz de ella. Que se levante del suelo lo suficiente para que no se humedezca el pan y que la puerta ha de ser segura y se pongan llaves, una para el cura y otra para el mayordomo. Y como se ha experimentado que se gasta pan en poder del mayordomo y hay dificultad para reponerlo lo que resulta en menoscabo de la iglesia.<br \/>\nLa realidad es que la nueva panera se hizo a la derecha de la puerta principal de la iglesia ocupando parte del portal y el lugar de la antigua panera se dedic\u00f3 a huesera al lado del cementerio anexo al norte de la iglesia. Esta panera nueva se debi\u00f3 de hacer con las obras del portal de 1667. Para panera se hizo y dedic\u00f3 posteriormente el h\u00f3rreo en 1767 cuando hay los siguientes apuntes: Al carpintero por el h\u00f3rreo para panera, 410 reales. Pies para el h\u00f3rreo, 69 reales. A Salazar Bay\u00f3n por portear madera el h\u00f3rreo, 11 reales. Madera del h\u00f3rreo, 88 reales. Jornales, carro, bueyes, 26 reales. Este h\u00f3rreo-panera de considerables dimensiones, ten\u00eda 9 pies, es todav\u00eda de muchos conocido y ya de propiedad privada y desapareci\u00f3 de mala manera en la d\u00e9cada de los a\u00f1os 60 del siglo pasado. Estaba en el barrio de Arriba al lado del ca\u00f1o.<\/p>\n<p style=\"text-align: center;\"><a href=\"http:\/\/adr2.net\/wordpress\/wp-content\/uploads\/2014\/10\/Ventana_1.jpg\"><img loading=\"lazy\" decoding=\"async\" class=\"aligncenter size-full wp-image-219\" src=\"http:\/\/adr2.net\/wordpress\/wp-content\/uploads\/2014\/10\/Ventana_1.jpg\" alt=\"Ventana_1\" width=\"938\" height=\"442\" srcset=\"http:\/\/adr2.net\/wordpress\/wp-content\/uploads\/2014\/10\/Ventana_1.jpg 938w, http:\/\/adr2.net\/wordpress\/wp-content\/uploads\/2014\/10\/Ventana_1-300x141.jpg 300w\" sizes=\"auto, (max-width: 938px) 100vw, 938px\" \/><\/a><em>Texto: Y\u00e7ose esta obra y bentana el a\u00f1o de 1567 siendo cura propio de esta billa de Yugueros el Licenciado Mart\u00edn Rodr\u00edguez natural de la Aldea en la Bega de Salda\u00f1a.Juan de la Cabada.<\/em><\/p>\n<p>Otras muchas obras est\u00e1n documentadas en los archivos diocesanos, como tablaz\u00f3n de la iglesia, enterramientos interiores y exteriores de la iglesia, altar, cancela, gradas, baptisterio cerca, campanas, que ser\u00e1n tratadas como otras obras en posterior apartado.<\/p>\n<p style=\"text-align: right;\">A. del R\u00edo<\/p>\n","protected":false},"excerpt":{"rendered":"<p>La iglesia se encuentra situada en un promontorio que domina pr\u00e1cticamente todo el pueblo lo mismo que el valle por donde antiguamente discurr\u00eda el camino que viene del Mercadillo hacia el Valdellorma. Consta de una sola nace, un presbiterio con su b\u00f3veda de crucer\u00eda y cuatro contrafuertes y una torre de planta rectangular y seis &hellip; <a href=\"http:\/\/adr2.net\/wordpress\/?page_id=159\" class=\"more-link\">Sigue leyendo <span class=\"screen-reader-text\">El edificio de la Iglesia<\/span> <span class=\"meta-nav\">&rarr;<\/span><\/a><\/p>\n","protected":false},"author":1,"featured_media":0,"parent":150,"menu_order":50,"comment_status":"open","ping_status":"open","template":"","meta":{"footnotes":""},"class_list":["post-159","page","type-page","status-publish","hentry"],"_links":{"self":[{"href":"http:\/\/adr2.net\/wordpress\/index.php?rest_route=\/wp\/v2\/pages\/159","targetHints":{"allow":["GET"]}}],"collection":[{"href":"http:\/\/adr2.net\/wordpress\/index.php?rest_route=\/wp\/v2\/pages"}],"about":[{"href":"http:\/\/adr2.net\/wordpress\/index.php?rest_route=\/wp\/v2\/types\/page"}],"author":[{"embeddable":true,"href":"http:\/\/adr2.net\/wordpress\/index.php?rest_route=\/wp\/v2\/users\/1"}],"replies":[{"embeddable":true,"href":"http:\/\/adr2.net\/wordpress\/index.php?rest_route=%2Fwp%2Fv2%2Fcomments&post=159"}],"version-history":[{"count":7,"href":"http:\/\/adr2.net\/wordpress\/index.php?rest_route=\/wp\/v2\/pages\/159\/revisions"}],"predecessor-version":[{"id":762,"href":"http:\/\/adr2.net\/wordpress\/index.php?rest_route=\/wp\/v2\/pages\/159\/revisions\/762"}],"up":[{"embeddable":true,"href":"http:\/\/adr2.net\/wordpress\/index.php?rest_route=\/wp\/v2\/pages\/150"}],"wp:attachment":[{"href":"http:\/\/adr2.net\/wordpress\/index.php?rest_route=%2Fwp%2Fv2%2Fmedia&parent=159"}],"curies":[{"name":"wp","href":"https:\/\/api.w.org\/{rel}","templated":true}]}}