{"id":157,"date":"2014-10-20T11:32:34","date_gmt":"2014-10-20T09:32:34","guid":{"rendered":"http:\/\/adr2.net\/wordpress\/?page_id=157"},"modified":"2024-02-11T19:30:46","modified_gmt":"2024-02-11T17:30:46","slug":"la-torre","status":"publish","type":"page","link":"http:\/\/adr2.net\/wordpress\/?page_id=157","title":{"rendered":"La Torre"},"content":{"rendered":"<p style=\"text-align: justify;\">No se ha encontrado constancia documental de las fechas en que se construy\u00f3 la actual Iglesia de Yugueros. Por la fecha del Retablo tuvo que ser anterior a 1555. Si de la primera mitad del siglo XVI es la Iglesia, de finales de este siglo es la Torre, como documentalmente es manifiesto en los libros del archivo. Y tambi\u00e9n queda claro que la Iglesia, nave y torre son reconstrucci\u00f3n de otra m\u00e1s antigua por la menci\u00f3n al derribo del hastial de la torre antigua, previsiblemente espada\u00f1a. La unidad de estilos, materiales y elementos arquitect\u00f3nicos indican que no hubo apenas espacio temporal entre nave y torre y que si no los mismos maestros, hab\u00eda relaciones de escuela o lazos familiares entre ellos.<\/p>\n<p style=\"text-align: justify;\"><a href=\"http:\/\/adr2.net\/wordpress\/wp-content\/uploads\/2014\/10\/torre1.png\"><img loading=\"lazy\" decoding=\"async\" class=\"aligncenter size-full wp-image-254\" src=\"http:\/\/adr2.net\/wordpress\/wp-content\/uploads\/2014\/10\/torre1.png\" alt=\"torre1\" width=\"423\" height=\"750\" srcset=\"http:\/\/adr2.net\/wordpress\/wp-content\/uploads\/2014\/10\/torre1.png 423w, http:\/\/adr2.net\/wordpress\/wp-content\/uploads\/2014\/10\/torre1-169x300.png 169w\" sizes=\"auto, (max-width: 423px) 100vw, 423px\" \/><\/a>La torre tiene planta rectangular con un suelo donde posiblemente se hicieron sepulturas y actualmente est\u00e1 el baptisterio, una planta superior, el coro. Como se ve en el gr\u00e1fico, visto desde la iglesia hay tres arcos que sujetan la base del coro, el techo y b\u00f3veda del coro y uno superior que comunica con el espacio que hay entre la b\u00f3veda tejado de la Iglesia que s\u00f3lo se ve subiendo por las escaleras del campanario y encima de la b\u00f3veda del coro. Esta es de la misma factura, de ladrillo, que la de la iglesia y coet\u00e1nea. Hay m\u00e1s arriba un espacio que debi\u00f3 de hacer funciones de palomar y por fin el espacio de campanas, con suelo de forjado de hormig\u00f3n realizado en los a\u00f1os de 1970 en que aparte de este forjado se renovaron con el mismo material las vigas donde est\u00e1n colgadas las campanas. Hay dos troneras al este, dos al poniente y una a cada punto norte y sur. Las campanas son dos, dedicadas al Salvador y a San Vicente Paul y est\u00e1n en buen estado. Las escaleras de acceso a las campanas est\u00e1n en deprimente y ruinoso estado con necesidad de limpieza y reparaci\u00f3n. Las cornisas del tejado son semejantes al resto de la iglesia.<\/p>\n<pre style=\"text-align: center;\"><a href=\"http:\/\/adr2.net\/wordpress\/wp-content\/uploads\/2014\/10\/campanas.jpg\"><img loading=\"lazy\" decoding=\"async\" class=\"aligncenter size-full wp-image-253\" src=\"http:\/\/adr2.net\/wordpress\/wp-content\/uploads\/2014\/10\/campanas.jpg\" alt=\"campanas\" width=\"642\" height=\"418\" srcset=\"http:\/\/adr2.net\/wordpress\/wp-content\/uploads\/2014\/10\/campanas.jpg 642w, http:\/\/adr2.net\/wordpress\/wp-content\/uploads\/2014\/10\/campanas-300x195.jpg 300w\" sizes=\"auto, (max-width: 642px) 100vw, 642px\" \/><\/a><em>Las campanas de Yugueros en 2015<\/em><\/pre>\n<p style=\"text-align: justify;\">En 1573 hay una aprobaci\u00f3n de cuentas por parte del Licenciado Juan Guti\u00e9rrez y siendo Mayordomo Sancho de Castellanos donde se da por bueno el pago del anterior Mayordomo, Juan del Campillo de 19.715 maraved\u00eds en dineros y otras cosas (en especie) a los maestros canteros Pedro Cambas, Francisco V\u00e9lez y Sebasti\u00e1n de la L\u00e1ngara en concepto de obras en la torre. Debe ser el comienzo y acopio de materiales porque en el siguiente a\u00f1o hay pagos por cal, arena, piedra de siller\u00eda de Barrillos y La Acisa, sacar y acarrear piedra de La Sierra (El Rebollo), hechura de calero y le\u00f1a para el calero. Todo ello por 18.250 maraved\u00eds.<br \/>\nEn 1575, m\u00e1s piedra para mamposter\u00eda, piedra labrada para arco cimero de la tribuna (coro) de La Arrimada, cal (presumiblemente del calero del Rebollo aunque tambi\u00e9n se hace menci\u00f3n al calero del Villar). De Montoto se traen vigas y madera para cimbras. Se paga al Concejo por ello, por su acarreo y por dolarlas (limpiarlas con el hacha). Tambi\u00e9n se pagan 16 reales por tirar hastial de torre antigua, importante cita. No falta la invitaci\u00f3n en vino al Concejo. Todo ello con pagos documentados.<br \/>\nEn 1576 se traen 5 carros de cal del calero del Villar. Es posible que el top\u00f3nimo El Villar fuese entonces m\u00e1s amplio de lo que es hoy y englobase al Rebollo y estemos hablando de lo mismo, lo mismo que cuando se habla de la Sierra, esta sea la que hay al norte de Los Cortinos ya que la parte posterior se llama Traslasierra hasta hoy. Se invita al Concejo por seis reales de pan y vino. Y se pagan 14.625 maraved\u00eds en pan y dineros a los oficiales de obra Fco. V\u00e9lez y Juan Prieto Salgado. Tambi\u00e9n se paga por carrales de agua acarreada posiblemente del reguero o de la Yunquera.<br \/>\nEn 1572 se trae m\u00e1s piedra de mamposter\u00eda y siller\u00eda y se pagan 75 reales por sacarlas y 39 reales por acarreos a Fco. Guti\u00e9rrez de Barrillos. El Concejo acarra piedra de La Sierra y se le pagan 11 reales. Al Maestro cantero Fco. V\u00e9lez se le paga 8.256 maraved\u00eds. (Un real equivales a 34 maraved\u00eds y un ducado 375 maraved\u00eds).<br \/>\nEn 1579 se pag\u00f3 a F. de La Arrimada 30 reales por entablamentos y arcos para las ventanas (troneras), 72 carros de piedra de la Sierra y 15 carros de cal. La obra de los muros se ve que est\u00e1 casi terminada. Se paga a los maestros Salgado y V\u00e9lez 12.218 maraved\u00eds. El a\u00f1o siguiente ya hay partidas para tejas, techumbres. A los citados maestros se les entregan 16 cargas de trigo tasados en 11.375 maravedis. Hay gastos en herrajes y 33 reales por una campana de lat\u00f3n morisco.<br \/>\nEn la visita pastoral de 1580 del Licenciado Rabanal hay un balance de cuentas y se hace constar que se ha pagado a los maestros canteros 100.685 maraved\u00eds y que a\u00fan queda por pagar 64.315 maraved\u00eds \u2018l\u00edquidos y verdaderos\u2019.<br \/>\nEn los siguientes a\u00f1os se hacen obras de acondicionamiento, el Concejo aporta maderas, las dola y sierra para entablamentos y tribuna y siguen haci\u00e9ndose regularmente pagos en dinero y trigo a los citados maestros. Los gastos est\u00e1n pormenorizados y nunca falta la invitaci\u00f3n del mayordomo al Concejo.<br \/>\nEn el a\u00f1o 1582 visita la Iglesia el Obispo de Le\u00f3n D. Juan de Trujillo y entre otras cosas ordena que no se hagan nuevos pagos a los canteros hasta que no acaben las obras y que si se hiciese, el cura y mayordomo lo hagan a costa de sus rentas y hacienda. Por lo que se deduce quedaban muchos remates y obras menores. Tambi\u00e9n orden que se haga una sacrist\u00eda y da instrucciones al respecto. Los mismos maestros parece que la llevan a cabo pues hay pagos por este concepto a Fco. V\u00e9lez y Garc\u00eda de Modino en nombre de Prieto Salgado.<br \/>\nEn 1604 se hace menci\u00f3n a una sepultura de un ni\u00f1o debajo de la torre y por ello se cobraron 100 maraved\u00eds y en 1588 se da por terminada la obra de la torre en un \u00faltimo pago a Fco. V\u00e9lez de 143 reales.<\/p>\n<p style=\"text-align: right;\">A. del R\u00edo<\/p>\n","protected":false},"excerpt":{"rendered":"<p>No se ha encontrado constancia documental de las fechas en que se construy\u00f3 la actual Iglesia de Yugueros. Por la fecha del Retablo tuvo que ser anterior a 1555. Si de la primera mitad del siglo XVI es la Iglesia, de finales de este siglo es la Torre, como documentalmente es manifiesto en los libros &hellip; <a href=\"http:\/\/adr2.net\/wordpress\/?page_id=157\" class=\"more-link\">Sigue leyendo <span class=\"screen-reader-text\">La Torre<\/span> <span class=\"meta-nav\">&rarr;<\/span><\/a><\/p>\n","protected":false},"author":1,"featured_media":0,"parent":150,"menu_order":62,"comment_status":"open","ping_status":"open","template":"","meta":{"footnotes":""},"class_list":["post-157","page","type-page","status-publish","hentry"],"_links":{"self":[{"href":"http:\/\/adr2.net\/wordpress\/index.php?rest_route=\/wp\/v2\/pages\/157","targetHints":{"allow":["GET"]}}],"collection":[{"href":"http:\/\/adr2.net\/wordpress\/index.php?rest_route=\/wp\/v2\/pages"}],"about":[{"href":"http:\/\/adr2.net\/wordpress\/index.php?rest_route=\/wp\/v2\/types\/page"}],"author":[{"embeddable":true,"href":"http:\/\/adr2.net\/wordpress\/index.php?rest_route=\/wp\/v2\/users\/1"}],"replies":[{"embeddable":true,"href":"http:\/\/adr2.net\/wordpress\/index.php?rest_route=%2Fwp%2Fv2%2Fcomments&post=157"}],"version-history":[{"count":5,"href":"http:\/\/adr2.net\/wordpress\/index.php?rest_route=\/wp\/v2\/pages\/157\/revisions"}],"predecessor-version":[{"id":769,"href":"http:\/\/adr2.net\/wordpress\/index.php?rest_route=\/wp\/v2\/pages\/157\/revisions\/769"}],"up":[{"embeddable":true,"href":"http:\/\/adr2.net\/wordpress\/index.php?rest_route=\/wp\/v2\/pages\/150"}],"wp:attachment":[{"href":"http:\/\/adr2.net\/wordpress\/index.php?rest_route=%2Fwp%2Fv2%2Fmedia&parent=157"}],"curies":[{"name":"wp","href":"https:\/\/api.w.org\/{rel}","templated":true}]}}